{"id":3019,"date":"2016-07-06T10:20:52","date_gmt":"2016-07-06T13:20:52","guid":{"rendered":"http:\/\/dev.agenciast.com.br\/pousada\/?page_id=3019"},"modified":"2023-04-26T09:40:54","modified_gmt":"2023-04-26T12:40:54","slug":"parceiros-da-pousada-luar-do-sertao","status":"publish","type":"page","link":"https:\/\/pousadaluardosertao.com\/en\/parceiros-da-pousada-luar-do-sertao\/","title":{"rendered":"Partners of Pousada Luar do Sert\u00e3o"},"content":{"rendered":"<div class=\"wpb-content-wrapper\"><div class=\"vc_row wpb_row vc_row-fluid\"><div class=\"wpb_column vc_column_container vc_col-sm-3\"><div class=\"vc_column-inner\"><div class=\"wpb_wrapper\">\n\t<div  class=\"wpb_single_image wpb_content_element vc_align_left wpb_content_element\">\n\t\t\n\t\t<figure class=\"wpb_wrapper vc_figure\">\n\t\t\t<div class=\"vc_single_image-wrapper   vc_box_border_grey\"><img loading=\"lazy\" decoding=\"async\" width=\"150\" height=\"150\" src=\"https:\/\/pousadaluardosertao.com\/wp-content\/uploads\/2023\/03\/logo-BVL-x-150x150.jpg\" class=\"vc_single_image-img attachment-thumbnail\" alt=\"\" title=\"logo BVL x\" srcset=\"https:\/\/pousadaluardosertao.com\/wp-content\/uploads\/2023\/03\/logo-BVL-x-150x150.jpg 150w, https:\/\/pousadaluardosertao.com\/wp-content\/uploads\/2023\/03\/logo-BVL-x-11x12.jpg 11w\" sizes=\"auto, (max-width: 150px) 100vw, 150px\" \/><\/div>\n\t\t<\/figure>\n\t<\/div>\n<\/div><\/div><\/div><div class=\"wpb_column vc_column_container vc_col-sm-9\"><div class=\"vc_column-inner\"><div class=\"wpb_wrapper\">\n\t<div class=\"wpb_text_column wpb_content_element\" >\n\t\t<div class=\"wpb_wrapper\">\n\t\t\t<h3>Partners<\/h3>\n<p class=\"translation-block\">We are very proud to have a voluntary collaboration partnership with BVL- Brigada Volunt\u00e1ria de Len\u00e7\u00f3is. Founded in 1994, the BVL entity was the first volunteer brigade to fight forest fires in Brazil. Thanks to these warriors, many forest fires do not take on even worse proportions. They are great defenders of nature, because those who live in the paradise of Chapada Diamantina have a love and devotion for the environment and its preservation. In addition to fighting forest fires, the entity works to help rescue accidents, clean up trails and environmental education actions with children in the municipality. Maximum respect!<br>\nBank details for Donations:<br>\nBank of Brazil<br>\nAg 0251-8<br>\nC\/C 18153-6<br>\nPIX &gt; CNPJ: 04.480.108\/0001-80<br>\n<a href=\"https:\/\/www.bvlencois.org.br\/\" target=\"_self\">BVL website<\/a><\/p>\n<p>Bank details for Donations:<br \/>\nBanco do Brasil<br \/>\nAg 0251-8<br \/>\nC\/C 18153-6<br \/>\nPIX &gt; CNPJ: 04.480.108\/0001-80<br \/>\n<a href=\"https:\/\/www.bvlencois.org.br\/\">Site BVL<\/a><\/p>\n\n\t\t<\/div>\n\t<\/div>\n<\/div><\/div><\/div><\/div><div class=\"vc_row wpb_row vc_row-fluid\"><div class=\"wpb_column vc_column_container vc_col-sm-12\"><div class=\"vc_column-inner\"><div class=\"wpb_wrapper\"><div class=\"vc_separator wpb_content_element vc_separator_align_center vc_sep_width_100 vc_sep_border_width_10 vc_sep_pos_align_center vc_separator_no_text vc_sep_color_grey wpb_content_element  wpb_content_element\" ><span class=\"vc_sep_holder vc_sep_holder_l\"><span class=\"vc_sep_line\"><\/span><\/span><span class=\"vc_sep_holder vc_sep_holder_r\"><span class=\"vc_sep_line\"><\/span><\/span>\n<\/div><\/div><\/div><\/div><\/div><div class=\"vc_row wpb_row vc_row-fluid\"><div class=\"wpb_column vc_column_container vc_col-sm-3\"><div class=\"vc_column-inner\"><div class=\"wpb_wrapper\">\n\t<div  class=\"wpb_single_image wpb_content_element vc_align_left wpb_content_element\">\n\t\t\n\t\t<figure class=\"wpb_wrapper vc_figure\">\n\t\t\t<div class=\"vc_single_image-wrapper   vc_box_border_grey\"><img decoding=\"async\" class=\"vc_single_image-img\" src=\"https:\/\/pousadaluardosertao.com\/wp-content\/uploads\/2016\/07\/Logo-Bral.jpg\" width=\"60\" height=\"80\" alt=\"Logo Bral\" title=\"Logo Bral\" loading=\"lazy\" \/><\/div>\n\t\t<\/figure>\n\t<\/div>\n<\/div><\/div><\/div><div class=\"wpb_column vc_column_container vc_col-sm-9\"><div class=\"vc_column-inner\"><div class=\"wpb_wrapper\">\n\t<div class=\"wpb_text_column wpb_content_element\" >\n\t\t<div class=\"wpb_wrapper\">\n\t\t\t<h3>Partners<\/h3>\n<p>Another great partner is <strong>Brigada de Resgate Ambiental de Len\u00e7\u00f3is<\/strong>, known as <strong>BRAL<\/strong>, one of the entities that works most in favor of the environment. Its main focus is firefighting, one of the biggest environmental problems in the PNCD, but it also operates in rescues in case of accidents, in addition to organizing environmental education activities and training firefighters and rescuers. It is a non-profit organization, in which all employees work on a voluntary basis. Agency partner for many years. Get in touch and make your donation: <a title=\"BRAL-Brigada de Resgate Ambiental de Len\u00e7\u00f3is\" href=\"http:\/\/www.bral.org.br\/\" target=\"_blank\" rel=\"noopener noreferrer\">www.bral.org.br<\/a><\/p>\n\n\t\t<\/div>\n\t<\/div>\n<\/div><\/div><\/div><\/div><div class=\"vc_row wpb_row vc_row-fluid\"><div class=\"wpb_column vc_column_container vc_col-sm-12\"><div class=\"vc_column-inner\"><div class=\"wpb_wrapper\"><div class=\"vc_separator wpb_content_element vc_separator_align_center vc_sep_width_100 vc_sep_border_width_10 vc_sep_pos_align_center vc_separator_no_text vc_sep_color_grey wpb_content_element  wpb_content_element\" ><span class=\"vc_sep_holder vc_sep_holder_l\"><span class=\"vc_sep_line\"><\/span><\/span><span class=\"vc_sep_holder vc_sep_holder_r\"><span class=\"vc_sep_line\"><\/span><\/span>\n<\/div><\/div><\/div><\/div><\/div><div class=\"vc_row wpb_row vc_row-fluid\"><div class=\"wpb_column vc_column_container vc_col-sm-3\"><div class=\"vc_column-inner\"><div class=\"wpb_wrapper\">\n\t<div  class=\"wpb_single_image wpb_content_element vc_align_left wpb_content_element\">\n\t\t\n\t\t<figure class=\"wpb_wrapper vc_figure\">\n\t\t\t<div class=\"vc_single_image-wrapper   vc_box_border_grey\"><img loading=\"lazy\" decoding=\"async\" width=\"150\" height=\"150\" src=\"https:\/\/pousadaluardosertao.com\/wp-content\/uploads\/2016\/07\/logo-chapada-adventure-150x150.png\" class=\"vc_single_image-img attachment-thumbnail\" alt=\"Logo da Ag\u00eancia de Turismo Chapada Adventure\" title=\"Logo da Ag\u00eancia de Turismo Chapada Adventure\" srcset=\"https:\/\/pousadaluardosertao.com\/wp-content\/uploads\/2016\/07\/logo-chapada-adventure-150x150.png 150w, https:\/\/pousadaluardosertao.com\/wp-content\/uploads\/2016\/07\/logo-chapada-adventure-300x300.png 300w, https:\/\/pousadaluardosertao.com\/wp-content\/uploads\/2016\/07\/logo-chapada-adventure.png 400w\" sizes=\"auto, (max-width: 150px) 100vw, 150px\" \/><\/div>\n\t\t<\/figure>\n\t<\/div>\n<\/div><\/div><\/div><div class=\"wpb_column vc_column_container vc_col-sm-9\"><div class=\"vc_column-inner\"><div class=\"wpb_wrapper\">\n\t<div class=\"wpb_text_column wpb_content_element\" >\n\t\t<div class=\"wpb_wrapper\">\n\t\t\t<h3>Partners<\/h3>\n<p>We work in partnership with other companies, among them we highlight the tourism agency <strong>Chapada Adventure Daniel, <\/strong>which is a well-regarded and respected tourism agency that operates throughout Chapada Diamantina. Located in the city of Len\u00e7\u00f3is. It offers the best options for Nature Tourism, Ecological Tourism, Adventure Tourism and Inclusive Tourism in Chapada Diamantina, with itineraries that combine adventure, natural beauty, local culture, gastronomy, history, satisfaction and a lot of security.<\/p>\n<p><a href=\"http:\/\/www.chapadaadventure.com.br\">www.chapadaadventure.com.br\u00a0<\/a><\/p>\n\n\t\t<\/div>\n\t<\/div>\n<\/div><\/div><\/div><\/div><div class=\"vc_row wpb_row vc_row-fluid\"><div class=\"wpb_column vc_column_container vc_col-sm-12\"><div class=\"vc_column-inner\"><div class=\"wpb_wrapper\"><div class=\"vc_separator wpb_content_element vc_separator_align_center vc_sep_width_100 vc_sep_border_width_10 vc_sep_pos_align_center vc_separator_no_text vc_sep_color_grey wpb_content_element  wpb_content_element\" ><span class=\"vc_sep_holder vc_sep_holder_l\"><span class=\"vc_sep_line\"><\/span><\/span><span class=\"vc_sep_holder vc_sep_holder_r\"><span class=\"vc_sep_line\"><\/span><\/span>\n<\/div><\/div><\/div><\/div><\/div><div class=\"vc_row wpb_row vc_row-fluid\"><div class=\"wpb_column vc_column_container vc_col-sm-3\"><div class=\"vc_column-inner\"><div class=\"wpb_wrapper\">\n\t<div  class=\"wpb_single_image wpb_content_element vc_align_left wpb_content_element\">\n\t\t\n\t\t<figure class=\"wpb_wrapper vc_figure\">\n\t\t\t<div class=\"vc_single_image-wrapper   vc_box_border_grey\"><img loading=\"lazy\" decoding=\"async\" width=\"150\" height=\"150\" src=\"https:\/\/pousadaluardosertao.com\/wp-content\/uploads\/2023\/03\/logo2-150x150.jpg\" class=\"vc_single_image-img attachment-thumbnail\" alt=\"\" title=\"logo2\" \/><\/div>\n\t\t<\/figure>\n\t<\/div>\n<\/div><\/div><\/div><div class=\"wpb_column vc_column_container vc_col-sm-9\"><div class=\"vc_column-inner\"><div class=\"wpb_wrapper\">\n\t<div class=\"wpb_text_column wpb_content_element\" >\n\t\t<div class=\"wpb_wrapper\">\n\t\t\t<h3>Partners<\/h3>\n<p>The tourism agency <strong>Extreme EcoAdvenutre\u00a0<\/strong>is a longtime partner of our inn, as one of the inn's owners has been a guide for this agency for many years, having managed it in part of that period. Today, the agency is led by the excellent guide Pablo Ramalho, who has a profound knowledge of traditional and alternative trails, fauna, flora, geology and other knowledge that make him one of the best guides in the region. We recommend consultation for tailor-made itineraries.<\/p>\n<p><a href=\"http:\/\/www.extremeecoadventure.com.br\">www.extremeecoadventure.com.br<\/a><\/p>\n<p>Whatsapp: +5511999727-0214<\/p>\n\n\t\t<\/div>\n\t<\/div>\n<\/div><\/div><\/div><\/div><div class=\"vc_row wpb_row vc_row-fluid\"><div class=\"wpb_column vc_column_container vc_col-sm-12\"><div class=\"vc_column-inner\"><div class=\"wpb_wrapper\"><div class=\"vc_separator wpb_content_element vc_separator_align_center vc_sep_width_100 vc_sep_border_width_10 vc_sep_pos_align_center vc_separator_no_text vc_sep_color_grey wpb_content_element  wpb_content_element\" ><span class=\"vc_sep_holder vc_sep_holder_l\"><span class=\"vc_sep_line\"><\/span><\/span><span class=\"vc_sep_holder vc_sep_holder_r\"><span class=\"vc_sep_line\"><\/span><\/span>\n<\/div><\/div><\/div><\/div><\/div><div class=\"vc_row wpb_row vc_row-fluid\"><div class=\"wpb_column vc_column_container vc_col-sm-3\"><div class=\"vc_column-inner\"><div class=\"wpb_wrapper\">\n\t<div  class=\"wpb_single_image wpb_content_element vc_align_left wpb_content_element\">\n\t\t\n\t\t<figure class=\"wpb_wrapper vc_figure\">\n\t\t\t<div class=\"vc_single_image-wrapper   vc_box_border_grey\"><img decoding=\"async\" class=\"vc_single_image-img\" src=\"https:\/\/pousadaluardosertao.com\/wp-content\/uploads\/2016\/07\/logomarca-Caminhos-do-Brasil.jpg\" width=\"375\" height=\"166\" alt=\"logomarca Caminhos do Brasil\" title=\"logomarca Caminhos do Brasil\" loading=\"lazy\" \/><\/div>\n\t\t<\/figure>\n\t<\/div>\n<\/div><\/div><\/div><div class=\"wpb_column vc_column_container vc_col-sm-9\"><div class=\"vc_column-inner\"><div class=\"wpb_wrapper\">\n\t<div class=\"wpb_text_column wpb_content_element\" >\n\t\t<div class=\"wpb_wrapper\">\n\t\t\t<div>\n<h3>Partners<\/h3>\n<p>Another great partner is <strong>Caminhos do Brasil, <\/strong>which specializes in the creation of maps, books and guides that offer a different perspective on the exuberant nature of the region. Get to know his new release, the book \u201cNatural History of Chapada Diamantina\u201d. The company's mission is to make Bahia an open-air laboratory, to use its charms and beauty to transmit interesting and important information for the preservation of natural environments and appreciation of fauna, flora, geodiversity and traditional communities, developing a more complete and conscious tourism.<\/p>\n<\/div>\n<p><a href=\"http:\/\/www.caminhosdobrasil.net\">www.caminhosdobrasil.net<\/a><\/p>\n\n\t\t<\/div>\n\t<\/div>\n<\/div><\/div><\/div><\/div><div class=\"vc_row wpb_row vc_row-fluid\"><div class=\"wpb_column vc_column_container vc_col-sm-12\"><div class=\"vc_column-inner\"><div class=\"wpb_wrapper\"><div class=\"vc_separator wpb_content_element vc_separator_align_center vc_sep_width_100 vc_sep_border_width_10 vc_sep_pos_align_center vc_separator_no_text vc_sep_color_grey wpb_content_element  wpb_content_element\" ><span class=\"vc_sep_holder vc_sep_holder_l\"><span class=\"vc_sep_line\"><\/span><\/span><span class=\"vc_sep_holder vc_sep_holder_r\"><span class=\"vc_sep_line\"><\/span><\/span>\n<\/div><\/div><\/div><\/div><\/div><div class=\"vc_row wpb_row vc_row-fluid\"><div class=\"wpb_column vc_column_container vc_col-sm-3\"><div class=\"vc_column-inner\"><div class=\"wpb_wrapper\">\n\t<div  class=\"wpb_single_image wpb_content_element vc_align_left wpb_content_element\">\n\t\t\n\t\t<figure class=\"wpb_wrapper vc_figure\">\n\t\t\t<div class=\"vc_single_image-wrapper   vc_box_border_grey\"><img loading=\"lazy\" decoding=\"async\" width=\"120\" height=\"150\" src=\"https:\/\/pousadaluardosertao.com\/wp-content\/uploads\/2016\/07\/licores-120x150.jpg\" class=\"vc_single_image-img attachment-thumbnail\" alt=\"\" title=\"licores\" \/><\/div>\n\t\t<\/figure>\n\t<\/div>\n\n\t<div class=\"wpb_text_column wpb_content_element\" >\n\t\t<div class=\"wpb_wrapper\">\n\t\t\t\n\t\t<\/div>\n\t<\/div>\n<\/div><\/div><\/div><div class=\"wpb_column vc_column_container vc_col-sm-9\"><div class=\"vc_column-inner\"><div class=\"wpb_wrapper\">\n\t<div class=\"wpb_text_column wpb_content_element\" >\n\t\t<div class=\"wpb_wrapper\">\n\t\t\t<h3>Partners<\/h3>\n<p>It is a great pleasure to have Casa de Licores de Len\u00e7\u00f3is as a partner. For those who want to taste a delicious liqueur with fruits typical of the region, our tip is to look for this establishment. Craftsman Cl\u00f3vis welcomes each visitor with lots of conversation, stories and hospitality. The tasting offered allows the visitor to try different flavors before choosing which one to buy. Pay a visit!<\/p>\n<p><a title=\"CASA DE LICRES DE LEN\u00c7\u00d3IS\" href=\"http:\/\/licoreslencois.blogspot.com.br\/\" target=\"_blank\" rel=\"noopener noreferrer\">http:\/\/licoreslencois.blogspot.com.br\/<\/a><\/p>\n\n\t\t<\/div>\n\t<\/div>\n<\/div><\/div><\/div><\/div>\n<\/div>","protected":false},"excerpt":{"rendered":"Parceiros Temos muito orgulho de ter parceria de colabora\u00e7\u00e3o volunt\u00e1ria com a BVL- Brigada Volunt\u00e1ria de Len\u00e7\u00f3is. Fundada em 1994, a BVL entidade foi a primeira brigada volunt\u00e1ria de combate a inc\u00eandios florestais do Brasil. Gra\u00e7as \u00e0 esses guerreiros muitos dos inc\u00eandios florestais n\u00e3o tomam propor\u00e7\u00f5es ainda mais piores. S\u00e3o grandes defensores da natureza, pois quem vive no para\u00edso da [...]","protected":false},"author":1,"featured_media":0,"parent":0,"menu_order":0,"comment_status":"closed","ping_status":"closed","template":"","meta":{"two_page_speed":{"previous_score":{"status":"notstarted"},"current_score":{"desktop_score":85,"desktop_tti":"1.1\u00a0","mobile_score":56.00000000000000710542735760100185871124267578125,"mobile_tti":"8.3\u00a0","date":"03.05.2023 05:17:28 am","status":"completed"}},"footnotes":""},"class_list":["post-3019","page","type-page","status-publish","hentry"],"yoast_head":"<!-- This site is optimized with the Yoast SEO plugin v26.9 - https:\/\/yoast.com\/product\/yoast-seo-wordpress\/ -->\n<title>Parceiros - Pousada Luar do Sert\u00e3o na Chapada Diamantina<\/title>\n<meta name=\"description\" content=\"Na Pousada Luar do Sert\u00e3o na Chapada Diamantina trabalhamos em parceria com outras empresas. Acesse nosso site e conhe\u00e7o alguns dos nossos parceiros.\" \/>\n<meta name=\"robots\" content=\"index, follow, max-snippet:-1, max-image-preview:large, max-video-preview:-1\" \/>\n<link rel=\"canonical\" href=\"https:\/\/pousadaluardosertao.com\/en\/parceiros-da-pousada-luar-do-sertao\/\" \/>\n<meta property=\"og:locale\" content=\"en_GB\" \/>\n<meta property=\"og:type\" content=\"article\" \/>\n<meta property=\"og:title\" content=\"Parceiros - Pousada Luar do Sert\u00e3o na Chapada Diamantina\" \/>\n<meta property=\"og:description\" content=\"Na Pousada Luar do Sert\u00e3o na Chapada Diamantina trabalhamos em parceria com outras empresas. Acesse nosso site e conhe\u00e7o alguns dos nossos parceiros.\" \/>\n<meta property=\"og:url\" content=\"https:\/\/pousadaluardosertao.com\/en\/parceiros-da-pousada-luar-do-sertao\/\" \/>\n<meta property=\"og:site_name\" content=\"Pousada Luar do Sert\u00e3o\" \/>\n<meta property=\"article:publisher\" content=\"https:\/\/www.facebook.com\/pousadaluardosertaochapadadiamantina\/\" \/>\n<meta property=\"article:modified_time\" content=\"2023-04-26T12:40:54+00:00\" \/>\n<meta name=\"twitter:card\" content=\"summary_large_image\" \/>\n<meta name=\"twitter:label1\" content=\"Estimated reading time\" \/>\n\t<meta name=\"twitter:data1\" content=\"4 minutes\" \/>\n<script type=\"application\/ld+json\" class=\"yoast-schema-graph\">{\"@context\":\"https:\/\/schema.org\",\"@graph\":[{\"@type\":\"WebPage\",\"@id\":\"https:\/\/pousadaluardosertao.com\/parceiros-da-pousada-luar-do-sertao\/\",\"url\":\"https:\/\/pousadaluardosertao.com\/parceiros-da-pousada-luar-do-sertao\/\",\"name\":\"Parceiros - Pousada Luar do Sert\u00e3o na Chapada Diamantina\",\"isPartOf\":{\"@id\":\"https:\/\/pousadaluardosertao.com\/#website\"},\"datePublished\":\"2016-07-06T13:20:52+00:00\",\"dateModified\":\"2023-04-26T12:40:54+00:00\",\"description\":\"Na Pousada Luar do Sert\u00e3o na Chapada Diamantina trabalhamos em parceria com outras empresas. Acesse nosso site e conhe\u00e7o alguns dos nossos parceiros.\",\"breadcrumb\":{\"@id\":\"https:\/\/pousadaluardosertao.com\/parceiros-da-pousada-luar-do-sertao\/#breadcrumb\"},\"inLanguage\":\"en-GB\",\"potentialAction\":[{\"@type\":\"ReadAction\",\"target\":[\"https:\/\/pousadaluardosertao.com\/parceiros-da-pousada-luar-do-sertao\/\"]}]},{\"@type\":\"BreadcrumbList\",\"@id\":\"https:\/\/pousadaluardosertao.com\/parceiros-da-pousada-luar-do-sertao\/#breadcrumb\",\"itemListElement\":[{\"@type\":\"ListItem\",\"position\":1,\"name\":\"In\u00edcio\",\"item\":\"https:\/\/pousadaluardosertao.com\/\"},{\"@type\":\"ListItem\",\"position\":2,\"name\":\"Parceiros da Pousada Luar do Sert\u00e3o\"}]},{\"@type\":\"WebSite\",\"@id\":\"https:\/\/pousadaluardosertao.com\/#website\",\"url\":\"https:\/\/pousadaluardosertao.com\/\",\"name\":\"www.pousadaluardosertao.com\",\"description\":\"Afeto, Sossego e Sustentabilidade\",\"publisher\":{\"@id\":\"https:\/\/pousadaluardosertao.com\/#organization\"},\"potentialAction\":[{\"@type\":\"SearchAction\",\"target\":{\"@type\":\"EntryPoint\",\"urlTemplate\":\"https:\/\/pousadaluardosertao.com\/?s={search_term_string}\"},\"query-input\":{\"@type\":\"PropertyValueSpecification\",\"valueRequired\":true,\"valueName\":\"search_term_string\"}}],\"inLanguage\":\"en-GB\"},{\"@type\":\"Organization\",\"@id\":\"https:\/\/pousadaluardosertao.com\/#organization\",\"name\":\"Pousada Luar do Sert\u00e3o\",\"url\":\"https:\/\/pousadaluardosertao.com\/\",\"logo\":{\"@type\":\"ImageObject\",\"inLanguage\":\"en-GB\",\"@id\":\"https:\/\/pousadaluardosertao.com\/#\/schema\/logo\/image\/\",\"url\":\"https:\/\/pousadaluardosertao.com\/wp-content\/uploads\/2023\/04\/cropped-ilustracao-sem-contorno-05.png\",\"contentUrl\":\"https:\/\/pousadaluardosertao.com\/wp-content\/uploads\/2023\/04\/cropped-ilustracao-sem-contorno-05.png\",\"width\":512,\"height\":512,\"caption\":\"Pousada Luar do Sert\u00e3o\"},\"image\":{\"@id\":\"https:\/\/pousadaluardosertao.com\/#\/schema\/logo\/image\/\"},\"sameAs\":[\"https:\/\/www.facebook.com\/pousadaluardosertaochapadadiamantina\/\",\"https:\/\/www.instagram.com\/pousadaluardosertaobahia\/\"]}]}<\/script>\n<!-- \/ Yoast SEO plugin. -->","yoast_head_json":{"title":"Parceiros - Pousada Luar do Sert\u00e3o na Chapada Diamantina","description":"Na Pousada Luar do Sert\u00e3o na Chapada Diamantina trabalhamos em parceria com outras empresas. Acesse nosso site e conhe\u00e7o alguns dos nossos parceiros.","robots":{"index":"index","follow":"follow","max-snippet":"max-snippet:-1","max-image-preview":"max-image-preview:large","max-video-preview":"max-video-preview:-1"},"canonical":"https:\/\/pousadaluardosertao.com\/en\/parceiros-da-pousada-luar-do-sertao\/","og_locale":"en_GB","og_type":"article","og_title":"Parceiros - Pousada Luar do Sert\u00e3o na Chapada Diamantina","og_description":"Na Pousada Luar do Sert\u00e3o na Chapada Diamantina trabalhamos em parceria com outras empresas. Acesse nosso site e conhe\u00e7o alguns dos nossos parceiros.","og_url":"https:\/\/pousadaluardosertao.com\/en\/parceiros-da-pousada-luar-do-sertao\/","og_site_name":"Pousada Luar do Sert\u00e3o","article_publisher":"https:\/\/www.facebook.com\/pousadaluardosertaochapadadiamantina\/","article_modified_time":"2023-04-26T12:40:54+00:00","twitter_card":"summary_large_image","twitter_misc":{"Estimated reading time":"4 minutes"},"schema":{"@context":"https:\/\/schema.org","@graph":[{"@type":"WebPage","@id":"https:\/\/pousadaluardosertao.com\/parceiros-da-pousada-luar-do-sertao\/","url":"https:\/\/pousadaluardosertao.com\/parceiros-da-pousada-luar-do-sertao\/","name":"Parceiros - Pousada Luar do Sert\u00e3o na Chapada Diamantina","isPartOf":{"@id":"https:\/\/pousadaluardosertao.com\/#website"},"datePublished":"2016-07-06T13:20:52+00:00","dateModified":"2023-04-26T12:40:54+00:00","description":"Na Pousada Luar do Sert\u00e3o na Chapada Diamantina trabalhamos em parceria com outras empresas. Acesse nosso site e conhe\u00e7o alguns dos nossos parceiros.","breadcrumb":{"@id":"https:\/\/pousadaluardosertao.com\/parceiros-da-pousada-luar-do-sertao\/#breadcrumb"},"inLanguage":"en-GB","potentialAction":[{"@type":"ReadAction","target":["https:\/\/pousadaluardosertao.com\/parceiros-da-pousada-luar-do-sertao\/"]}]},{"@type":"BreadcrumbList","@id":"https:\/\/pousadaluardosertao.com\/parceiros-da-pousada-luar-do-sertao\/#breadcrumb","itemListElement":[{"@type":"ListItem","position":1,"name":"In\u00edcio","item":"https:\/\/pousadaluardosertao.com\/"},{"@type":"ListItem","position":2,"name":"Parceiros da Pousada Luar do Sert\u00e3o"}]},{"@type":"WebSite","@id":"https:\/\/pousadaluardosertao.com\/#website","url":"https:\/\/pousadaluardosertao.com\/","name":"www.pousadaluardosertao.com","description":"Afeto, Sossego e Sustentabilidade","publisher":{"@id":"https:\/\/pousadaluardosertao.com\/#organization"},"potentialAction":[{"@type":"SearchAction","target":{"@type":"EntryPoint","urlTemplate":"https:\/\/pousadaluardosertao.com\/?s={search_term_string}"},"query-input":{"@type":"PropertyValueSpecification","valueRequired":true,"valueName":"search_term_string"}}],"inLanguage":"en-GB"},{"@type":"Organization","@id":"https:\/\/pousadaluardosertao.com\/#organization","name":"Pousada Luar do Sert\u00e3o","url":"https:\/\/pousadaluardosertao.com\/","logo":{"@type":"ImageObject","inLanguage":"en-GB","@id":"https:\/\/pousadaluardosertao.com\/#\/schema\/logo\/image\/","url":"https:\/\/pousadaluardosertao.com\/wp-content\/uploads\/2023\/04\/cropped-ilustracao-sem-contorno-05.png","contentUrl":"https:\/\/pousadaluardosertao.com\/wp-content\/uploads\/2023\/04\/cropped-ilustracao-sem-contorno-05.png","width":512,"height":512,"caption":"Pousada Luar do Sert\u00e3o"},"image":{"@id":"https:\/\/pousadaluardosertao.com\/#\/schema\/logo\/image\/"},"sameAs":["https:\/\/www.facebook.com\/pousadaluardosertaochapadadiamantina\/","https:\/\/www.instagram.com\/pousadaluardosertaobahia\/"]}]}},"_links":{"self":[{"href":"https:\/\/pousadaluardosertao.com\/en\/wp-json\/wp\/v2\/pages\/3019","targetHints":{"allow":["GET"]}}],"collection":[{"href":"https:\/\/pousadaluardosertao.com\/en\/wp-json\/wp\/v2\/pages"}],"about":[{"href":"https:\/\/pousadaluardosertao.com\/en\/wp-json\/wp\/v2\/types\/page"}],"author":[{"embeddable":true,"href":"https:\/\/pousadaluardosertao.com\/en\/wp-json\/wp\/v2\/users\/1"}],"replies":[{"embeddable":true,"href":"https:\/\/pousadaluardosertao.com\/en\/wp-json\/wp\/v2\/comments?post=3019"}],"version-history":[{"count":30,"href":"https:\/\/pousadaluardosertao.com\/en\/wp-json\/wp\/v2\/pages\/3019\/revisions"}],"predecessor-version":[{"id":4170,"href":"https:\/\/pousadaluardosertao.com\/en\/wp-json\/wp\/v2\/pages\/3019\/revisions\/4170"}],"wp:attachment":[{"href":"https:\/\/pousadaluardosertao.com\/en\/wp-json\/wp\/v2\/media?parent=3019"}],"curies":[{"name":"wp","href":"https:\/\/api.w.org\/{rel}","templated":true}]}}