{"id":3025,"date":"2016-07-06T10:24:15","date_gmt":"2016-07-06T13:24:15","guid":{"rendered":"http:\/\/dev.agenciast.com.br\/pousada\/?page_id=3025"},"modified":"2023-04-25T15:11:23","modified_gmt":"2023-04-25T18:11:23","slug":"servicos","status":"publish","type":"page","link":"https:\/\/pousadaluardosertao.com\/en\/servicos\/","title":{"rendered":"Services"},"content":{"rendered":"<div class=\"wpb-content-wrapper\"><div class=\"vc_row wpb_row vc_row-fluid\"><div class=\"wpb_column vc_column_container vc_col-sm-12\"><div class=\"vc_column-inner\"><div class=\"wpb_wrapper\">\n\t<div class=\"wpb_text_column wpb_content_element\" >\n\t\t<div class=\"wpb_wrapper\">\n\t\t\t<h2 style=\"text-align: left;\"><\/h2>\n<p>&nbsp;<\/p>\n<h5><strong>\u00a0Included in the daily rate:<\/strong><\/h5>\n<p>&nbsp;<\/p>\n<ul>\n<li class=\"translation-block\"><a href=\"https:\/\/pousadaluardosertao.com\/en\/bwg_gallery\/cafe-da-manha\/\" target=\"_blank\" rel=\"noopener\">Breakfast<\/a> from 7:30 to 9:30.<\/li>\n<li>Wifi in the suite area.<\/li>\n<li>Free transfer from the bus station to the inn (from 1:30 pm to 10:30 pm).<\/li>\n<li>Free transfer from the inn to the bus station (from 7:30 am to 10:30 pm).<\/li>\n<li>Towel to take along for the ride.<\/li>\n<li>Self service equipment for coffee and tea in the living area.<\/li>\n<li>Store volumes.<\/li>\n<li>Indication of guides\/tourism agency for the tours.<\/li>\n<li>Cleaning and tidying up the chalets when requested.<\/li>\n<li class=\"translation-block\"><a href=\"https:\/\/pousadaluardosertao.com\/en\/bwg_gallery\/sala-de-tv\/\" target=\"_blank\" rel=\"noopener\">TV room<\/a> with subscription and streaming channels.<\/li>\n<li>Parking Lot<\/li>\n<\/ul>\n<h5><\/h5>\n<h5><\/h5>\n<h5><strong>Not included in the daily rate:<\/strong><\/h5>\n<p>&nbsp;<\/p>\n<ul>\n<li>Transfer in\/out from Len\u00e7\u00f3is airport (by reservation).<\/li>\n<li>Snack for the trail (upon previous order).<\/li>\n<li>Early check in (subject to availability).<\/li>\n<li>Late check out (subject to availability).<\/li>\n<\/ul>\n\n\t\t<\/div>\n\t<\/div>\n<div class=\"vc_empty_space\"   style=\"height: 32px\"><span class=\"vc_empty_space_inner\"><\/span><\/div><\/div><\/div><\/div><\/div><div class=\"vc_row wpb_row vc_row-fluid\"><div class=\"wpb_column vc_column_container vc_col-sm-12\"><div class=\"vc_column-inner\"><div class=\"wpb_wrapper\"><\/div><\/div><\/div><\/div>\n<\/div>","protected":false},"excerpt":{"rendered":"<p>Servi\u00e7os oferecidos pela Pousada Luar do Sert\u00e3o<\/p>","protected":false},"author":1,"featured_media":4360,"parent":0,"menu_order":0,"comment_status":"closed","ping_status":"closed","template":"","meta":{"two_page_speed":[],"footnotes":""},"class_list":["post-3025","page","type-page","status-publish","has-post-thumbnail","hentry"],"yoast_head":"<!-- This site is optimized with the Yoast SEO plugin v26.9 - https:\/\/yoast.com\/product\/yoast-seo-wordpress\/ -->\n<title>Servi\u00e7os- Pousada Luar do Sert\u00e3o na Chapada Diamantina<\/title>\n<meta name=\"description\" content=\"A Pousada Luar do Sert\u00e3o oferece alguns servi\u00e7os gratuitos e outros que envolvem custos. Confira e entre em contato em caso de d\u00favidas.\" \/>\n<meta name=\"robots\" content=\"index, follow, max-snippet:-1, max-image-preview:large, max-video-preview:-1\" \/>\n<link rel=\"canonical\" href=\"https:\/\/pousadaluardosertao.com\/en\/servicos\/\" \/>\n<meta property=\"og:locale\" content=\"en_GB\" \/>\n<meta property=\"og:type\" content=\"article\" \/>\n<meta property=\"og:title\" content=\"Servi\u00e7os- Pousada Luar do Sert\u00e3o na Chapada Diamantina\" \/>\n<meta property=\"og:description\" content=\"A Pousada Luar do Sert\u00e3o oferece alguns servi\u00e7os gratuitos e outros que envolvem custos. Confira e entre em contato em caso de d\u00favidas.\" \/>\n<meta property=\"og:url\" content=\"https:\/\/pousadaluardosertao.com\/en\/servicos\/\" \/>\n<meta property=\"og:site_name\" content=\"Pousada Luar do Sert\u00e3o\" \/>\n<meta property=\"article:publisher\" content=\"https:\/\/www.facebook.com\/pousadaluardosertaochapadadiamantina\/\" \/>\n<meta property=\"article:modified_time\" content=\"2023-04-25T18:11:23+00:00\" \/>\n<meta property=\"og:image\" content=\"https:\/\/pousadaluardosertao.com\/wp-content\/uploads\/2023\/03\/garimpo-mirante-do-vale-para-pagina-inicial-do-site-scaled.jpg\" \/>\n\t<meta property=\"og:image:width\" content=\"2560\" \/>\n\t<meta property=\"og:image:height\" content=\"1916\" \/>\n\t<meta property=\"og:image:type\" content=\"image\/jpeg\" \/>\n<meta name=\"twitter:card\" content=\"summary_large_image\" \/>\n<meta name=\"twitter:label1\" content=\"Estimated reading time\" \/>\n\t<meta name=\"twitter:data1\" content=\"1 minute\" \/>\n<script type=\"application\/ld+json\" class=\"yoast-schema-graph\">{\"@context\":\"https:\/\/schema.org\",\"@graph\":[{\"@type\":\"WebPage\",\"@id\":\"https:\/\/pousadaluardosertao.com\/servicos\/\",\"url\":\"https:\/\/pousadaluardosertao.com\/servicos\/\",\"name\":\"Servi\u00e7os- Pousada Luar do Sert\u00e3o na Chapada Diamantina\",\"isPartOf\":{\"@id\":\"https:\/\/pousadaluardosertao.com\/#website\"},\"primaryImageOfPage\":{\"@id\":\"https:\/\/pousadaluardosertao.com\/servicos\/#primaryimage\"},\"image\":{\"@id\":\"https:\/\/pousadaluardosertao.com\/servicos\/#primaryimage\"},\"thumbnailUrl\":\"https:\/\/pousadaluardosertao.com\/wp-content\/uploads\/2023\/03\/garimpo-mirante-do-vale-para-pagina-inicial-do-site-scaled.jpg\",\"datePublished\":\"2016-07-06T13:24:15+00:00\",\"dateModified\":\"2023-04-25T18:11:23+00:00\",\"description\":\"A Pousada Luar do Sert\u00e3o oferece alguns servi\u00e7os gratuitos e outros que envolvem custos. Confira e entre em contato em caso de d\u00favidas.\",\"breadcrumb\":{\"@id\":\"https:\/\/pousadaluardosertao.com\/servicos\/#breadcrumb\"},\"inLanguage\":\"en-GB\",\"potentialAction\":[{\"@type\":\"ReadAction\",\"target\":[\"https:\/\/pousadaluardosertao.com\/servicos\/\"]}]},{\"@type\":\"ImageObject\",\"inLanguage\":\"en-GB\",\"@id\":\"https:\/\/pousadaluardosertao.com\/servicos\/#primaryimage\",\"url\":\"https:\/\/pousadaluardosertao.com\/wp-content\/uploads\/2023\/03\/garimpo-mirante-do-vale-para-pagina-inicial-do-site-scaled.jpg\",\"contentUrl\":\"https:\/\/pousadaluardosertao.com\/wp-content\/uploads\/2023\/03\/garimpo-mirante-do-vale-para-pagina-inicial-do-site-scaled.jpg\",\"width\":2560,\"height\":1916},{\"@type\":\"BreadcrumbList\",\"@id\":\"https:\/\/pousadaluardosertao.com\/servicos\/#breadcrumb\",\"itemListElement\":[{\"@type\":\"ListItem\",\"position\":1,\"name\":\"In\u00edcio\",\"item\":\"https:\/\/pousadaluardosertao.com\/\"},{\"@type\":\"ListItem\",\"position\":2,\"name\":\"Servi\u00e7os\"}]},{\"@type\":\"WebSite\",\"@id\":\"https:\/\/pousadaluardosertao.com\/#website\",\"url\":\"https:\/\/pousadaluardosertao.com\/\",\"name\":\"www.pousadaluardosertao.com\",\"description\":\"Afeto, Sossego e Sustentabilidade\",\"publisher\":{\"@id\":\"https:\/\/pousadaluardosertao.com\/#organization\"},\"potentialAction\":[{\"@type\":\"SearchAction\",\"target\":{\"@type\":\"EntryPoint\",\"urlTemplate\":\"https:\/\/pousadaluardosertao.com\/?s={search_term_string}\"},\"query-input\":{\"@type\":\"PropertyValueSpecification\",\"valueRequired\":true,\"valueName\":\"search_term_string\"}}],\"inLanguage\":\"en-GB\"},{\"@type\":\"Organization\",\"@id\":\"https:\/\/pousadaluardosertao.com\/#organization\",\"name\":\"Pousada Luar do Sert\u00e3o\",\"url\":\"https:\/\/pousadaluardosertao.com\/\",\"logo\":{\"@type\":\"ImageObject\",\"inLanguage\":\"en-GB\",\"@id\":\"https:\/\/pousadaluardosertao.com\/#\/schema\/logo\/image\/\",\"url\":\"https:\/\/pousadaluardosertao.com\/wp-content\/uploads\/2023\/04\/cropped-ilustracao-sem-contorno-05.png\",\"contentUrl\":\"https:\/\/pousadaluardosertao.com\/wp-content\/uploads\/2023\/04\/cropped-ilustracao-sem-contorno-05.png\",\"width\":512,\"height\":512,\"caption\":\"Pousada Luar do Sert\u00e3o\"},\"image\":{\"@id\":\"https:\/\/pousadaluardosertao.com\/#\/schema\/logo\/image\/\"},\"sameAs\":[\"https:\/\/www.facebook.com\/pousadaluardosertaochapadadiamantina\/\",\"https:\/\/www.instagram.com\/pousadaluardosertaobahia\/\"]}]}<\/script>\n<!-- \/ Yoast SEO plugin. -->","yoast_head_json":{"title":"Servi\u00e7os- Pousada Luar do Sert\u00e3o na Chapada Diamantina","description":"A Pousada Luar do Sert\u00e3o oferece alguns servi\u00e7os gratuitos e outros que envolvem custos. Confira e entre em contato em caso de d\u00favidas.","robots":{"index":"index","follow":"follow","max-snippet":"max-snippet:-1","max-image-preview":"max-image-preview:large","max-video-preview":"max-video-preview:-1"},"canonical":"https:\/\/pousadaluardosertao.com\/en\/servicos\/","og_locale":"en_GB","og_type":"article","og_title":"Servi\u00e7os- Pousada Luar do Sert\u00e3o na Chapada Diamantina","og_description":"A Pousada Luar do Sert\u00e3o oferece alguns servi\u00e7os gratuitos e outros que envolvem custos. Confira e entre em contato em caso de d\u00favidas.","og_url":"https:\/\/pousadaluardosertao.com\/en\/servicos\/","og_site_name":"Pousada Luar do Sert\u00e3o","article_publisher":"https:\/\/www.facebook.com\/pousadaluardosertaochapadadiamantina\/","article_modified_time":"2023-04-25T18:11:23+00:00","og_image":[{"width":2560,"height":1916,"url":"https:\/\/pousadaluardosertao.com\/wp-content\/uploads\/2023\/03\/garimpo-mirante-do-vale-para-pagina-inicial-do-site-scaled.jpg","type":"image\/jpeg"}],"twitter_card":"summary_large_image","twitter_misc":{"Estimated reading time":"1 minute"},"schema":{"@context":"https:\/\/schema.org","@graph":[{"@type":"WebPage","@id":"https:\/\/pousadaluardosertao.com\/servicos\/","url":"https:\/\/pousadaluardosertao.com\/servicos\/","name":"Servi\u00e7os- Pousada Luar do Sert\u00e3o na Chapada Diamantina","isPartOf":{"@id":"https:\/\/pousadaluardosertao.com\/#website"},"primaryImageOfPage":{"@id":"https:\/\/pousadaluardosertao.com\/servicos\/#primaryimage"},"image":{"@id":"https:\/\/pousadaluardosertao.com\/servicos\/#primaryimage"},"thumbnailUrl":"https:\/\/pousadaluardosertao.com\/wp-content\/uploads\/2023\/03\/garimpo-mirante-do-vale-para-pagina-inicial-do-site-scaled.jpg","datePublished":"2016-07-06T13:24:15+00:00","dateModified":"2023-04-25T18:11:23+00:00","description":"A Pousada Luar do Sert\u00e3o oferece alguns servi\u00e7os gratuitos e outros que envolvem custos. Confira e entre em contato em caso de d\u00favidas.","breadcrumb":{"@id":"https:\/\/pousadaluardosertao.com\/servicos\/#breadcrumb"},"inLanguage":"en-GB","potentialAction":[{"@type":"ReadAction","target":["https:\/\/pousadaluardosertao.com\/servicos\/"]}]},{"@type":"ImageObject","inLanguage":"en-GB","@id":"https:\/\/pousadaluardosertao.com\/servicos\/#primaryimage","url":"https:\/\/pousadaluardosertao.com\/wp-content\/uploads\/2023\/03\/garimpo-mirante-do-vale-para-pagina-inicial-do-site-scaled.jpg","contentUrl":"https:\/\/pousadaluardosertao.com\/wp-content\/uploads\/2023\/03\/garimpo-mirante-do-vale-para-pagina-inicial-do-site-scaled.jpg","width":2560,"height":1916},{"@type":"BreadcrumbList","@id":"https:\/\/pousadaluardosertao.com\/servicos\/#breadcrumb","itemListElement":[{"@type":"ListItem","position":1,"name":"In\u00edcio","item":"https:\/\/pousadaluardosertao.com\/"},{"@type":"ListItem","position":2,"name":"Servi\u00e7os"}]},{"@type":"WebSite","@id":"https:\/\/pousadaluardosertao.com\/#website","url":"https:\/\/pousadaluardosertao.com\/","name":"www.pousadaluardosertao.com","description":"Afeto, Sossego e Sustentabilidade","publisher":{"@id":"https:\/\/pousadaluardosertao.com\/#organization"},"potentialAction":[{"@type":"SearchAction","target":{"@type":"EntryPoint","urlTemplate":"https:\/\/pousadaluardosertao.com\/?s={search_term_string}"},"query-input":{"@type":"PropertyValueSpecification","valueRequired":true,"valueName":"search_term_string"}}],"inLanguage":"en-GB"},{"@type":"Organization","@id":"https:\/\/pousadaluardosertao.com\/#organization","name":"Pousada Luar do Sert\u00e3o","url":"https:\/\/pousadaluardosertao.com\/","logo":{"@type":"ImageObject","inLanguage":"en-GB","@id":"https:\/\/pousadaluardosertao.com\/#\/schema\/logo\/image\/","url":"https:\/\/pousadaluardosertao.com\/wp-content\/uploads\/2023\/04\/cropped-ilustracao-sem-contorno-05.png","contentUrl":"https:\/\/pousadaluardosertao.com\/wp-content\/uploads\/2023\/04\/cropped-ilustracao-sem-contorno-05.png","width":512,"height":512,"caption":"Pousada Luar do Sert\u00e3o"},"image":{"@id":"https:\/\/pousadaluardosertao.com\/#\/schema\/logo\/image\/"},"sameAs":["https:\/\/www.facebook.com\/pousadaluardosertaochapadadiamantina\/","https:\/\/www.instagram.com\/pousadaluardosertaobahia\/"]}]}},"_links":{"self":[{"href":"https:\/\/pousadaluardosertao.com\/en\/wp-json\/wp\/v2\/pages\/3025","targetHints":{"allow":["GET"]}}],"collection":[{"href":"https:\/\/pousadaluardosertao.com\/en\/wp-json\/wp\/v2\/pages"}],"about":[{"href":"https:\/\/pousadaluardosertao.com\/en\/wp-json\/wp\/v2\/types\/page"}],"author":[{"embeddable":true,"href":"https:\/\/pousadaluardosertao.com\/en\/wp-json\/wp\/v2\/users\/1"}],"replies":[{"embeddable":true,"href":"https:\/\/pousadaluardosertao.com\/en\/wp-json\/wp\/v2\/comments?post=3025"}],"version-history":[{"count":59,"href":"https:\/\/pousadaluardosertao.com\/en\/wp-json\/wp\/v2\/pages\/3025\/revisions"}],"predecessor-version":[{"id":4636,"href":"https:\/\/pousadaluardosertao.com\/en\/wp-json\/wp\/v2\/pages\/3025\/revisions\/4636"}],"wp:featuredmedia":[{"embeddable":true,"href":"https:\/\/pousadaluardosertao.com\/en\/wp-json\/wp\/v2\/media\/4360"}],"wp:attachment":[{"href":"https:\/\/pousadaluardosertao.com\/en\/wp-json\/wp\/v2\/media?parent=3025"}],"curies":[{"name":"wp","href":"https:\/\/api.w.org\/{rel}","templated":true}]}}