{"id":3028,"date":"2016-07-06T10:27:09","date_gmt":"2016-07-06T13:27:09","guid":{"rendered":"http:\/\/dev.agenciast.com.br\/pousada\/?page_id=3028"},"modified":"2025-11-05T09:29:53","modified_gmt":"2025-11-05T12:29:53","slug":"localizacao-2","status":"publish","type":"page","link":"https:\/\/pousadaluardosertao.com\/en\/localizacao-2\/","title":{"rendered":"Location"},"content":{"rendered":"<div class=\"wpb-content-wrapper\"><div class=\"vc_row wpb_row vc_row-fluid\"><div class=\"wpb_column vc_column_container vc_col-sm-12\"><div class=\"vc_column-inner\"><div class=\"wpb_wrapper\"><div class=\"vc_empty_space\"   style=\"height: 64px\"><span class=\"vc_empty_space_inner\"><\/span><\/div><div class=\"vc_empty_space\"   style=\"height: 64px\"><span class=\"vc_empty_space_inner\"><\/span><\/div><div class=\"vc_separator wpb_content_element vc_separator_align_center vc_sep_width_80 vc_sep_border_width_10 vc_sep_pos_align_center vc_sep_color_sandy_brown wpb_content_element vc_separator-has-text\" ><span class=\"vc_sep_holder vc_sep_holder_l\"><span class=\"vc_sep_line\"><\/span><\/span><h4>Our biggest distinguishing feature is silence.<\/h4><span class=\"vc_sep_holder vc_sep_holder_r\"><span class=\"vc_sep_line\"><\/span><\/span>\n<\/div><div class=\"vc_empty_space\"   style=\"height: 64px\"><span class=\"vc_empty_space_inner\"><\/span><\/div>\n\t<div class=\"wpb_video_widget wpb_content_element vc_clearfix   vc_video-aspect-ratio-169 vc_video-el-width-100 vc_video-align-center\" >\n\t\t<div class=\"wpb_wrapper\">\n\t\t\t\n\t\t\t<div class=\"wpb_video_wrapper\"><iframe loading=\"lazy\" title=\"Dist\u00e2ncia da Pousada Luar do Sert\u00e3o para o centro de Len\u00e7\u00f3is pela camera de um drone\" width=\"174\" height=\"309\" src=\"https:\/\/www.youtube.com\/embed\/y7GL_TxmOjY?feature=oembed\" frameborder=\"0\" allow=\"accelerometer; autoplay; clipboard-write; encrypted-media; gyroscope; picture-in-picture; web-share\" referrerpolicy=\"strict-origin-when-cross-origin\" allowfullscreen><\/iframe><\/div>\n\t\t<\/div>\n\t<\/div>\n<div class=\"vc_empty_space\"   style=\"height: 64px\"><span class=\"vc_empty_space_inner\"><\/span><\/div><div class=\"vc_separator wpb_content_element vc_separator_align_center vc_sep_width_100 vc_sep_border_width_10 vc_sep_pos_align_center vc_sep_color_sandy_brown wpb_content_element vc_separator-has-text\" ><span class=\"vc_sep_holder vc_sep_holder_l\"><span class=\"vc_sep_line\"><\/span><\/span><h4>A Haven of Tranquility and Nature in Chapada Diamantina<\/h4><span class=\"vc_sep_holder vc_sep_holder_r\"><span class=\"vc_sep_line\"><\/span><\/span>\n<\/div>\n\t<div class=\"wpb_text_column wpb_content_element\" >\n\t\t<div class=\"wpb_wrapper\">\n\t\t\t<p class=\"has-x-large-font-size\">\n<p class=\"has-x-large-font-size\">\n<p class=\"has-x-large-font-size\">\n<h3><span style=\"color: #ff9900;\"><strong>Location<\/strong><\/span><\/h3>\n<p class=\"translation-block\">Pousada Luar do Sert\u00e3o is located on the edge of the city of Len\u00e7\u00f3is with the forest of Chapada Diamantina National Park. This strategic location provides intense contact with nature and absolute tranquility. Our 10,000m\u00b2 plot of land includes a large preservation area, where native species make up the local flora. Daily, we receive visits from birds and monkeys that brighten the environment, creating a unique experience for our guests.<\/p>\n<p class=\"has-x-large-font-size\">\n<p class=\"has-x-large-font-size\">\n<h3 class=\"wp-block-heading\"><span style=\"color: #ff9900;\">Easy Access to Main Trails and Attractions<\/span><\/h3>\n<p class=\"has-x-large-font-size\">\n<p class=\"translation-block\">Our inn is right next to the start of the most visited trail in the city of Len\u00e7\u00f3is, the Ribeir\u00e3o do Meio Trail. The inn's gate is where visitors park their cars to start this walk. Therefore, the location of Pousada Luar do Sert\u00e3o facilitates access to this trail and other natural attractions in the region.<\/p>\n<p class=\"has-x-large-font-size\">\n<h3 class=\"wp-block-heading\"><span style=\"color: #ff9900;\">Proximity to the Center and Convenience<\/span><\/h3>\n<p class=\"has-x-large-font-size\">\n<p>We are just 900 meters from the city center, which is about a 10-minute walk. This proximity allows our guests to take advantage of the amenities and facilities offered in Len\u00e7\u00f3is, such as restaurants, grocery stores and craft stores. Furthermore, local tourism agencies pick up travelers directly at the inn to start their tours and bring them back at the end of the day, providing greater convenience and comfort.<\/p>\n<p class=\"has-x-large-font-size\">\n<p class=\"has-x-large-font-size\">\n<h3 class=\"wp-block-heading\"><span style=\"color: #ff9900;\">How to get to Pousada Luar do Sert\u00e3o<\/span><\/h3>\n<p class=\"has-x-large-font-size\">\n<p data-start=\"224\" data-end=\"267\">\ud83d\ude99 <strong data-start=\"227\" data-end=\"267\">Como chegar \u00e0 Pousada Luar do Sert\u00e3o<\/strong><\/p>\n<p data-start=\"269\" data-end=\"535\">Infelizmente, os aplicativos Google Maps e Waze ainda n\u00e3o est\u00e3o totalmente atualizados \u2014 as ruas da regi\u00e3o j\u00e1 est\u00e3o cal\u00e7adas e com sentido de m\u00e3o \u00fanica. Por isso, recomendamos que voc\u00ea siga o trajeto do link abaixo, criado especialmente para facilitar sua chegada:<\/p>\n<p data-start=\"537\" data-end=\"628\">\ud83d\udc49 <a class=\"decorated-link\" href=\"https:\/\/maps.app.goo.gl\/5hGh6Vnnvb9ZDSBS6?g_st=ac\" target=\"_new\" rel=\"noopener\" data-start=\"540\" data-end=\"628\"><strong data-start=\"541\" data-end=\"576\">Clique aqui para acessar a rota<\/strong><\/a><\/p>\n<p data-start=\"630\" data-end=\"883\">Nesse percurso, voc\u00ea passar\u00e1 por apenas <strong data-start=\"670\" data-end=\"703\">200 metros de estrada de ch\u00e3o<\/strong>.<br data-start=\"704\" data-end=\"707\" \/>O mapa aparece configurado como \u201ca p\u00e9\u201d, mas n\u00e3o se preocupe: isso acontece apenas porque o Google Maps ainda n\u00e3o reconhece o pequeno trecho de terra que liga os pontos F e G.<\/p>\n<p data-start=\"885\" data-end=\"990\">Seguindo esse trajeto, voc\u00ea chegar\u00e1 com tranquilidade e sem confus\u00f5es at\u00e9 a <strong data-start=\"961\" data-end=\"987\">Pousada Luar do Sert\u00e3o<\/strong>.<\/p>\n<h3 class=\"wp-block-heading\"><span style=\"color: #ff9900;\">How to get to Len\u00e7\u00f3is<\/span><\/h3>\n<p class=\"has-x-large-font-size\"><!-- \/wp:post-content --><\/p>\n<h4><!-- wp:paragraph --><span style=\"color: #ff9900;\"><strong>Airplane<\/strong><\/span><\/h4>\n<p class=\"has-x-large-font-size\"><!-- \/wp:paragraph --><\/p>\n<p class=\"has-x-large-font-size\"><!-- wp:list --><\/p>\n<ul><!-- wp:list-item --><\/ul>\n<ul>\n<li><strong>AZUL:<\/strong> Oferece voos comerciais para Len\u00e7\u00f3is a partir de Salador- BA.<\/li>\n<\/ul>\n<p>&nbsp;<\/p>\n<p class=\"has-x-large-font-size\"><!-- \/wp:list-item --><!-- \/wp:list --><\/p>\n<h4><!-- wp:paragraph --><span style=\"color: #ff9900;\"><strong>By car<\/strong><\/span><\/h4>\n<p class=\"has-x-large-font-size\"><!-- \/wp:paragraph --><\/p>\n<p><!-- wp:list --><\/p>\n<ul><!-- wp:list-item --><\/ul>\n<ul>\n<li class=\"translation-block\"><strong>From Salvador:<\/strong> The best route is Salvador &gt; (BR-324) &gt; Feira de Santana &gt; (BR-116 SUL) &gt; Santo Estev\u00e3o &gt; Junction of BR-116 with BR-242 &gt; Itaberaba \u2013 Len\u00e7\u00f3is .<\/li>\n<\/ul>\n<p class=\"has-x-large-font-size\"><!-- \/wp:list-item --><\/p>\n<p><!-- wp:list-item --><\/p>\n<ul>\n<li class=\"translation-block\">\u2013 SP and MG: SP-MG-(Belo Horizonte)- head towards Sete Lagoas- Montes Claros- Jana\u00faba- Porteirinha- \u200b\u200bMato Verde- Monte Azul- Espinosa- Urandi- Guanambi- Caetit\u00e9- Brumado (do not enter the city)- Sussuarana ( district)- Tanha\u00e7\u00fa- Itua\u00e7\u00fa- Barra da Estiva- Ibicoara- Mucug\u00ea- Andara\u00ed- Len\u00e7\u00f3is.<\/li>\n<\/ul>\n<p class=\"has-x-large-font-size\"><!-- \/wp:list-item --><\/p>\n<p><!-- wp:list-item --><\/p>\n<ul>\n<li class=\"translation-block\">\u2013 Bras\u00edlia and Goi\u00e1s: BR-020 and BR-349 towards Bom Jesus da Lapa- \u200b\u200bIbotirama- taking BR-242 passing through Seabra- Palmeiras- Len\u00e7\u00f3is.<\/li>\n<\/ul>\n<p>&nbsp;<\/p>\n<p class=\"has-x-large-font-size\"><!-- \/wp:list-item --><!-- \/wp:list --><\/p>\n<h4><!-- wp:paragraph --><span style=\"color: #ff9900;\"><strong>By Bus<\/strong><\/span><\/h4>\n<p class=\"has-x-large-font-size\"><!-- \/wp:paragraph --><\/p>\n<p><!-- wp:list --><\/p>\n<ul><!-- wp:list-item --><\/ul>\n<ul>\n<li class=\"translation-block\"><strong>Salvador to Len\u00e7\u00f3is:<\/strong> Three daily buses, with the possibility of extra buses on dates of high demand, run the Salvador \u2013 Len\u00e7\u00f3is \u2013 Salvador route by REAL EXPRESSO. The bus can vary in category, from conventional to sleeper or semi-sleeper. Tip: the air conditioning is very strong, so bring a jacket and pants for the trip. For more information, visit the website <a href=\"http:\/\/www.realexpresso.com.br\" target=\"_self\">REAL EXPRESSO<\/a>.<\/li>\n<\/ul>\n<p>&nbsp;<\/p>\n<p class=\"has-x-large-font-size\"><!-- \/wp:list-item --><!-- \/wp:list --><\/p>\n<p><!-- wp:heading {\"level\":4} --><\/p>\n<h4 class=\"wp-block-heading\"><span style=\"color: #ff9900;\">Address of Pousada Luar do Sert\u00e3o:<\/span><\/h4>\n<p class=\"has-x-large-font-size\"><!-- \/wp:heading --><\/p>\n<p><!-- wp:paragraph -->Loteamento Parque do Ribeir\u00e3o, s\/n\u00ba.<\/p>\n<p class=\"has-x-large-font-size\"><!-- \/wp:paragraph --><\/p>\n<p><!-- wp:paragraph -->Len\u00e7\u00f3is-BA<\/p>\n<p class=\"has-x-large-font-size\"><!-- \/wp:paragraph --><\/p>\n<p><!-- wp:paragraph -->CEP: 46960-000<\/p>\n<p class=\"has-x-large-font-size\"><!-- \/wp:paragraph --><\/p>\n<p><!-- wp:heading --><\/p>\n<h2 class=\"wp-block-heading\">\u00a0<\/h2>\n\n\t\t<\/div>\n\t<\/div>\n<\/div><\/div><\/div><\/div><\/div>","protected":false},"excerpt":{"rendered":"<p><\/p>","protected":false},"author":1,"featured_media":0,"parent":0,"menu_order":0,"comment_status":"closed","ping_status":"closed","template":"","meta":{"two_page_speed":[],"footnotes":""},"class_list":["post-3028","page","type-page","status-publish","hentry"],"yoast_head":"<!-- This site is optimized with the Yoast SEO plugin v26.9 - https:\/\/yoast.com\/product\/yoast-seo-wordpress\/ -->\n<title>Localiza\u00e7\u00e3o - Pousada Luar do Sert\u00e3o na Chapada Diamantina<\/title>\n<meta name=\"description\" content=\"A localiza\u00e7\u00e3o da Pousada Luar do Sert\u00e3o \u00e9 na entrada da trilha para o Ribeir\u00e3o do Meio. A dist\u00e2ncia para o centro da cidade \u00e9 de 900 metros\" \/>\n<meta name=\"robots\" content=\"index, follow, max-snippet:-1, max-image-preview:large, max-video-preview:-1\" \/>\n<link rel=\"canonical\" href=\"https:\/\/pousadaluardosertao.com\/en\/localizacao-2\/\" \/>\n<meta property=\"og:locale\" content=\"en_GB\" \/>\n<meta property=\"og:type\" content=\"article\" \/>\n<meta property=\"og:title\" content=\"Localiza\u00e7\u00e3o - Pousada Luar do Sert\u00e3o na Chapada Diamantina\" \/>\n<meta property=\"og:description\" content=\"A localiza\u00e7\u00e3o da Pousada Luar do Sert\u00e3o \u00e9 na entrada da trilha para o Ribeir\u00e3o do Meio. A dist\u00e2ncia para o centro da cidade \u00e9 de 900 metros\" \/>\n<meta property=\"og:url\" content=\"https:\/\/pousadaluardosertao.com\/en\/localizacao-2\/\" \/>\n<meta property=\"og:site_name\" content=\"Pousada Luar do Sert\u00e3o\" \/>\n<meta property=\"article:publisher\" content=\"https:\/\/www.facebook.com\/pousadaluardosertaochapadadiamantina\/\" \/>\n<meta property=\"article:modified_time\" content=\"2025-11-05T12:29:53+00:00\" \/>\n<meta name=\"twitter:card\" content=\"summary_large_image\" \/>\n<meta name=\"twitter:label1\" content=\"Estimated reading time\" \/>\n\t<meta name=\"twitter:data1\" content=\"4 minutes\" \/>\n<script type=\"application\/ld+json\" class=\"yoast-schema-graph\">{\"@context\":\"https:\/\/schema.org\",\"@graph\":[{\"@type\":\"WebPage\",\"@id\":\"https:\/\/pousadaluardosertao.com\/localizacao-2\/\",\"url\":\"https:\/\/pousadaluardosertao.com\/localizacao-2\/\",\"name\":\"Localiza\u00e7\u00e3o - Pousada Luar do Sert\u00e3o na Chapada Diamantina\",\"isPartOf\":{\"@id\":\"https:\/\/pousadaluardosertao.com\/#website\"},\"datePublished\":\"2016-07-06T13:27:09+00:00\",\"dateModified\":\"2025-11-05T12:29:53+00:00\",\"description\":\"A localiza\u00e7\u00e3o da Pousada Luar do Sert\u00e3o \u00e9 na entrada da trilha para o Ribeir\u00e3o do Meio. A dist\u00e2ncia para o centro da cidade \u00e9 de 900 metros\",\"breadcrumb\":{\"@id\":\"https:\/\/pousadaluardosertao.com\/localizacao-2\/#breadcrumb\"},\"inLanguage\":\"en-GB\",\"potentialAction\":[{\"@type\":\"ReadAction\",\"target\":[\"https:\/\/pousadaluardosertao.com\/localizacao-2\/\"]}]},{\"@type\":\"BreadcrumbList\",\"@id\":\"https:\/\/pousadaluardosertao.com\/localizacao-2\/#breadcrumb\",\"itemListElement\":[{\"@type\":\"ListItem\",\"position\":1,\"name\":\"In\u00edcio\",\"item\":\"https:\/\/pousadaluardosertao.com\/\"},{\"@type\":\"ListItem\",\"position\":2,\"name\":\"LOCALIZA\u00c7\u00c3O\"}]},{\"@type\":\"WebSite\",\"@id\":\"https:\/\/pousadaluardosertao.com\/#website\",\"url\":\"https:\/\/pousadaluardosertao.com\/\",\"name\":\"www.pousadaluardosertao.com\",\"description\":\"Afeto, Sossego e Sustentabilidade\",\"publisher\":{\"@id\":\"https:\/\/pousadaluardosertao.com\/#organization\"},\"potentialAction\":[{\"@type\":\"SearchAction\",\"target\":{\"@type\":\"EntryPoint\",\"urlTemplate\":\"https:\/\/pousadaluardosertao.com\/?s={search_term_string}\"},\"query-input\":{\"@type\":\"PropertyValueSpecification\",\"valueRequired\":true,\"valueName\":\"search_term_string\"}}],\"inLanguage\":\"en-GB\"},{\"@type\":\"Organization\",\"@id\":\"https:\/\/pousadaluardosertao.com\/#organization\",\"name\":\"Pousada Luar do Sert\u00e3o\",\"url\":\"https:\/\/pousadaluardosertao.com\/\",\"logo\":{\"@type\":\"ImageObject\",\"inLanguage\":\"en-GB\",\"@id\":\"https:\/\/pousadaluardosertao.com\/#\/schema\/logo\/image\/\",\"url\":\"https:\/\/pousadaluardosertao.com\/wp-content\/uploads\/2023\/04\/cropped-ilustracao-sem-contorno-05.png\",\"contentUrl\":\"https:\/\/pousadaluardosertao.com\/wp-content\/uploads\/2023\/04\/cropped-ilustracao-sem-contorno-05.png\",\"width\":512,\"height\":512,\"caption\":\"Pousada Luar do Sert\u00e3o\"},\"image\":{\"@id\":\"https:\/\/pousadaluardosertao.com\/#\/schema\/logo\/image\/\"},\"sameAs\":[\"https:\/\/www.facebook.com\/pousadaluardosertaochapadadiamantina\/\",\"https:\/\/www.instagram.com\/pousadaluardosertaobahia\/\"]}]}<\/script>\n<!-- \/ Yoast SEO plugin. -->","yoast_head_json":{"title":"Localiza\u00e7\u00e3o - Pousada Luar do Sert\u00e3o na Chapada Diamantina","description":"A localiza\u00e7\u00e3o da Pousada Luar do Sert\u00e3o \u00e9 na entrada da trilha para o Ribeir\u00e3o do Meio. A dist\u00e2ncia para o centro da cidade \u00e9 de 900 metros","robots":{"index":"index","follow":"follow","max-snippet":"max-snippet:-1","max-image-preview":"max-image-preview:large","max-video-preview":"max-video-preview:-1"},"canonical":"https:\/\/pousadaluardosertao.com\/en\/localizacao-2\/","og_locale":"en_GB","og_type":"article","og_title":"Localiza\u00e7\u00e3o - Pousada Luar do Sert\u00e3o na Chapada Diamantina","og_description":"A localiza\u00e7\u00e3o da Pousada Luar do Sert\u00e3o \u00e9 na entrada da trilha para o Ribeir\u00e3o do Meio. A dist\u00e2ncia para o centro da cidade \u00e9 de 900 metros","og_url":"https:\/\/pousadaluardosertao.com\/en\/localizacao-2\/","og_site_name":"Pousada Luar do Sert\u00e3o","article_publisher":"https:\/\/www.facebook.com\/pousadaluardosertaochapadadiamantina\/","article_modified_time":"2025-11-05T12:29:53+00:00","twitter_card":"summary_large_image","twitter_misc":{"Estimated reading time":"4 minutes"},"schema":{"@context":"https:\/\/schema.org","@graph":[{"@type":"WebPage","@id":"https:\/\/pousadaluardosertao.com\/localizacao-2\/","url":"https:\/\/pousadaluardosertao.com\/localizacao-2\/","name":"Localiza\u00e7\u00e3o - Pousada Luar do Sert\u00e3o na Chapada Diamantina","isPartOf":{"@id":"https:\/\/pousadaluardosertao.com\/#website"},"datePublished":"2016-07-06T13:27:09+00:00","dateModified":"2025-11-05T12:29:53+00:00","description":"A localiza\u00e7\u00e3o da Pousada Luar do Sert\u00e3o \u00e9 na entrada da trilha para o Ribeir\u00e3o do Meio. A dist\u00e2ncia para o centro da cidade \u00e9 de 900 metros","breadcrumb":{"@id":"https:\/\/pousadaluardosertao.com\/localizacao-2\/#breadcrumb"},"inLanguage":"en-GB","potentialAction":[{"@type":"ReadAction","target":["https:\/\/pousadaluardosertao.com\/localizacao-2\/"]}]},{"@type":"BreadcrumbList","@id":"https:\/\/pousadaluardosertao.com\/localizacao-2\/#breadcrumb","itemListElement":[{"@type":"ListItem","position":1,"name":"In\u00edcio","item":"https:\/\/pousadaluardosertao.com\/"},{"@type":"ListItem","position":2,"name":"LOCALIZA\u00c7\u00c3O"}]},{"@type":"WebSite","@id":"https:\/\/pousadaluardosertao.com\/#website","url":"https:\/\/pousadaluardosertao.com\/","name":"www.pousadaluardosertao.com","description":"Afeto, Sossego e Sustentabilidade","publisher":{"@id":"https:\/\/pousadaluardosertao.com\/#organization"},"potentialAction":[{"@type":"SearchAction","target":{"@type":"EntryPoint","urlTemplate":"https:\/\/pousadaluardosertao.com\/?s={search_term_string}"},"query-input":{"@type":"PropertyValueSpecification","valueRequired":true,"valueName":"search_term_string"}}],"inLanguage":"en-GB"},{"@type":"Organization","@id":"https:\/\/pousadaluardosertao.com\/#organization","name":"Pousada Luar do Sert\u00e3o","url":"https:\/\/pousadaluardosertao.com\/","logo":{"@type":"ImageObject","inLanguage":"en-GB","@id":"https:\/\/pousadaluardosertao.com\/#\/schema\/logo\/image\/","url":"https:\/\/pousadaluardosertao.com\/wp-content\/uploads\/2023\/04\/cropped-ilustracao-sem-contorno-05.png","contentUrl":"https:\/\/pousadaluardosertao.com\/wp-content\/uploads\/2023\/04\/cropped-ilustracao-sem-contorno-05.png","width":512,"height":512,"caption":"Pousada Luar do Sert\u00e3o"},"image":{"@id":"https:\/\/pousadaluardosertao.com\/#\/schema\/logo\/image\/"},"sameAs":["https:\/\/www.facebook.com\/pousadaluardosertaochapadadiamantina\/","https:\/\/www.instagram.com\/pousadaluardosertaobahia\/"]}]}},"_links":{"self":[{"href":"https:\/\/pousadaluardosertao.com\/en\/wp-json\/wp\/v2\/pages\/3028","targetHints":{"allow":["GET"]}}],"collection":[{"href":"https:\/\/pousadaluardosertao.com\/en\/wp-json\/wp\/v2\/pages"}],"about":[{"href":"https:\/\/pousadaluardosertao.com\/en\/wp-json\/wp\/v2\/types\/page"}],"author":[{"embeddable":true,"href":"https:\/\/pousadaluardosertao.com\/en\/wp-json\/wp\/v2\/users\/1"}],"replies":[{"embeddable":true,"href":"https:\/\/pousadaluardosertao.com\/en\/wp-json\/wp\/v2\/comments?post=3028"}],"version-history":[{"count":41,"href":"https:\/\/pousadaluardosertao.com\/en\/wp-json\/wp\/v2\/pages\/3028\/revisions"}],"predecessor-version":[{"id":4828,"href":"https:\/\/pousadaluardosertao.com\/en\/wp-json\/wp\/v2\/pages\/3028\/revisions\/4828"}],"wp:attachment":[{"href":"https:\/\/pousadaluardosertao.com\/en\/wp-json\/wp\/v2\/media?parent=3028"}],"curies":[{"name":"wp","href":"https:\/\/api.w.org\/{rel}","templated":true}]}}