{"id":3159,"date":"2016-08-22T16:56:44","date_gmt":"2016-08-22T19:56:44","guid":{"rendered":"http:\/\/pousadaluardosertao.com\/?page_id=3159"},"modified":"2025-08-04T17:29:40","modified_gmt":"2025-08-04T20:29:40","slug":"normas-e-politicas-de-cancelamento","status":"publish","type":"page","link":"https:\/\/pousadaluardosertao.com\/en\/pousada-luar-do-sertao\/normas-e-politicas-de-cancelamento\/","title":{"rendered":"Cancellation Rules and Policies"},"content":{"rendered":"<div class=\"wpb-content-wrapper\"><div class=\"vc_row wpb_row vc_row-fluid\"><div class=\"wpb_column vc_column_container vc_col-sm-12\"><div class=\"vc_column-inner\"><div class=\"wpb_wrapper\">\n\t<div class=\"wpb_text_column wpb_content_element\" >\n\t\t<div class=\"wpb_wrapper\">\n\t\t\t<h1 data-start=\"180\" data-end=\"215\">Cancellation Rules and Policies<\/h1>\n<p data-start=\"217\" data-end=\"330\">Pedimos que todos os h\u00f3spedes leiam atentamente as normas e a pol\u00edtica de cancelamento da Pousada Luar do Sert\u00e3o.<\/p>\n<hr data-start=\"332\" data-end=\"335\" \/>\n<h2 data-start=\"337\" data-end=\"357\">Normas da Pousada<\/h2>\n<ul data-start=\"359\" data-end=\"1265\">\n<li data-start=\"359\" data-end=\"553\">\n<p data-start=\"361\" data-end=\"553\">A pousada est\u00e1 em \u00e1rea cercada por bosque e grande \u00e1rea verde, habitat natural de animais, incluindo pe\u00e7onhentos. Aproveite o canto dos p\u00e1ssaros, mas tenha aten\u00e7\u00e3o ao andar nas \u00e1reas externas.<\/p>\n<\/li>\n<li data-start=\"555\" data-end=\"587\">\n<p data-start=\"557\" data-end=\"587\">A voltagem da pousada \u00e9 220 V.<\/p>\n<\/li>\n<li data-start=\"589\" data-end=\"634\">\n<p data-start=\"591\" data-end=\"634\">O caf\u00e9 da manh\u00e3 \u00e9 servido das 7h30 \u00e0s 9h30.<\/p>\n<\/li>\n<li data-start=\"636\" data-end=\"687\">\n<p data-start=\"638\" data-end=\"687\">Check-in a partir das 14h e check-out at\u00e9 as 12h.<\/p>\n<\/li>\n<li data-start=\"689\" data-end=\"816\">\n<p data-start=\"691\" data-end=\"816\">A limpeza do chal\u00e9 ser\u00e1 feita mediante solicita\u00e7\u00e3o. Para isso, pedimos que seus pertences estejam organizados e o ch\u00e3o livre.<\/p>\n<\/li>\n<li data-start=\"818\" data-end=\"915\">\n<p data-start=\"820\" data-end=\"915\">Toalhas beges s\u00e3o para uso interno ap\u00f3s o banho; toalhas azuis podem ser levadas para passeios.<\/p>\n<\/li>\n<li data-start=\"917\" data-end=\"954\">\n<p data-start=\"919\" data-end=\"954\">\u00c9 proibido fumar dentro dos chal\u00e9s.<\/p>\n<\/li>\n<li data-start=\"956\" data-end=\"1122\">\n<p data-start=\"958\" data-end=\"1122\">N\u00e3o lave roupas ou cal\u00e7ados nos banheiros dos quartos. Disponibilizamos tanque na lavanderia para lavagem manual ou indicamos lavanderias com maquin\u00e1rio industrial.<\/p>\n<\/li>\n<li data-start=\"1124\" data-end=\"1203\">\n<p data-start=\"1126\" data-end=\"1203\">Os h\u00f3spedes s\u00e3o respons\u00e1veis pela conserva\u00e7\u00e3o do chal\u00e9. Danos ser\u00e3o cobrados.<\/p>\n<\/li>\n<li data-start=\"1205\" data-end=\"1265\">\n<p data-start=\"1207\" data-end=\"1265\">Taxa de R$ 20,00 para perda ou extravio da chave do chal\u00e9.<\/p>\n<\/li>\n<\/ul>\n<hr data-start=\"1267\" data-end=\"1270\" \/>\n<h2 data-start=\"1272\" data-end=\"1296\">Aspectos Sustent\u00e1veis<\/h2>\n<ul data-start=\"1298\" data-end=\"2266\">\n<li data-start=\"1298\" data-end=\"1522\">\n<p data-start=\"1300\" data-end=\"1522\">Use o ar-condicionado apenas com janelas fechadas e quando estiver no chal\u00e9. Ao sair, desligue-o. O aparelho tem tecnologia inverter, que ajusta a pot\u00eancia lentamente. Para gelar, use o s\u00edmbolo \u201cfloco de neve\u201d no controle.<\/p>\n<\/li>\n<li data-start=\"1524\" data-end=\"1649\">\n<p data-start=\"1526\" data-end=\"1649\">No espa\u00e7o do caf\u00e9, h\u00e1 cafeteira, chaleira, p\u00f3 e filtro de caf\u00e9, ch\u00e1s, a\u00e7\u00facar e ado\u00e7ante, al\u00e9m de filtro de barro para \u00e1gua.<\/p>\n<\/li>\n<li data-start=\"1651\" data-end=\"1806\">\n<p data-start=\"1653\" data-end=\"1806\">Utens\u00edlios (lou\u00e7a, copos e talheres) est\u00e3o dispon\u00edveis para uso. Higienize as m\u00e3os antes de pegar e lave-os ap\u00f3s o uso. Use m\u00e1scara ao entrar na cozinha.<\/p>\n<\/li>\n<li data-start=\"1808\" data-end=\"1872\">\n<p data-start=\"1810\" data-end=\"1872\">As luzes da \u00e1rea dos chal\u00e9s funcionam por sensor de movimento.<\/p>\n<\/li>\n<li data-start=\"1874\" data-end=\"2107\">\n<p data-start=\"1876\" data-end=\"2107\">Reciclamos lixo seco (alum\u00ednio, vidro, pl\u00e1stico, papel\u00e3o e Tetra Pak). Separe e entregue limpo nas lixeiras pretas (recicl\u00e1veis) e verde (n\u00e3o recicl\u00e1veis), pr\u00f3ximas \u00e0 cozinha. Org\u00e2nicos v\u00e3o para composteira no \u201ccanteiro de telhas\u201d.<\/p>\n<\/li>\n<li data-start=\"2109\" data-end=\"2200\">\n<p data-start=\"2111\" data-end=\"2200\">Para contato, temos r\u00e1dio \u201cwalkie talkie\u201d ao lado da cozinha ou WhatsApp (75) 99927-3568.<\/p>\n<\/li>\n<li data-start=\"2202\" data-end=\"2266\">\n<p data-start=\"2204\" data-end=\"2266\">Wi-Fi: login \u201cPousada Luar do Sert\u00e3o\u201d | senha \u201c@luardosertao\u201d.<\/p>\n<\/li>\n<\/ul>\n<hr data-start=\"2268\" data-end=\"2271\" \/>\n<h2 data-start=\"2273\" data-end=\"2300\">Pol\u00edtica de Cancelamento<\/h2>\n<p data-start=\"2302\" data-end=\"2406\">Conforme o C\u00f3digo de Defesa do Consumidor (Lei n\u00ba 8.078\/1990) e Embratur (Delibera\u00e7\u00e3o Normativa 161\/95):<\/p>\n<h3 data-start=\"2408\" data-end=\"2437\">Direito de Arrependimento<\/h3>\n<p data-start=\"2439\" data-end=\"2636\">Reservas feitas fora do estabelecimento (internet, telefone, apps) podem ser canceladas em at\u00e9 7 dias corridos ap\u00f3s a contrata\u00e7\u00e3o, com reembolso total, desde que o servi\u00e7o n\u00e3o tenha sido utilizado.<\/p>\n<hr data-start=\"2638\" data-end=\"2641\" \/>\n<h3 data-start=\"2643\" data-end=\"2677\">Cancelamento para Dias Normais<\/h3>\n<div class=\"_tableContainer_16hzy_1\">\n<div class=\"_tableWrapper_16hzy_14 group flex w-fit flex-col-reverse\" tabindex=\"-1\">\n<table class=\"w-fit min-w-(--thread-content-width)\" data-start=\"2679\" data-end=\"3038\">\n<thead data-start=\"2679\" data-end=\"2738\">\n<tr data-start=\"2679\" data-end=\"2738\">\n<th data-start=\"2679\" data-end=\"2713\" data-col-size=\"sm\">Quando comunicado<\/th>\n<th data-start=\"2713\" data-end=\"2738\" data-col-size=\"sm\">Reembolso da reserva<\/th>\n<\/tr>\n<\/thead>\n<tbody data-start=\"2796\" data-end=\"3038\">\n<tr data-start=\"2796\" data-end=\"2855\">\n<td data-start=\"2796\" data-end=\"2831\" data-col-size=\"sm\">Acima de 7 dias antes da chegada<\/td>\n<td data-col-size=\"sm\" data-start=\"2831\" data-end=\"2855\">90%<\/td>\n<\/tr>\n<tr data-start=\"2856\" data-end=\"2916\">\n<td data-start=\"2856\" data-end=\"2892\" data-col-size=\"sm\">De 5 a 7 dias antes da chegada<\/td>\n<td data-col-size=\"sm\" data-start=\"2892\" data-end=\"2916\">75%<\/td>\n<\/tr>\n<tr data-start=\"2917\" data-end=\"2977\">\n<td data-start=\"2917\" data-end=\"2953\" data-col-size=\"sm\">De 2 a 4 dias antes da chegada<\/td>\n<td data-col-size=\"sm\" data-start=\"2953\" data-end=\"2977\">50%<\/td>\n<\/tr>\n<tr data-start=\"2978\" data-end=\"3038\">\n<td data-start=\"2978\" data-end=\"3014\" data-col-size=\"sm\">At\u00e9 48 horas antes da chegada<\/td>\n<td data-col-size=\"sm\" data-start=\"3014\" data-end=\"3038\">There are no refunds<\/td>\n<\/tr>\n<\/tbody>\n<\/table>\n<div class=\"sticky end-(--thread-content-margin) h-0 self-end select-none\">\n<div class=\"absolute end-0 flex items-end\"><\/div>\n<\/div>\n<\/div>\n<\/div>\n<p data-start=\"3040\" data-end=\"3134\"><em data-start=\"3040\" data-end=\"3134\">Se o valor cobrado antecipadamente for menor que o devido, haver\u00e1 nova cobran\u00e7a para ajuste.<\/em><\/p>\n<hr data-start=\"3136\" data-end=\"3139\" \/>\n<h3 data-start=\"3141\" data-end=\"3191\">Cancelamento para Feriados e Pacotes Especiais<\/h3>\n<div class=\"_tableContainer_16hzy_1\">\n<div class=\"_tableWrapper_16hzy_14 group flex w-fit flex-col-reverse\" tabindex=\"-1\">\n<table class=\"w-fit min-w-(--thread-content-width)\" data-start=\"3193\" data-end=\"3552\">\n<thead data-start=\"3193\" data-end=\"3252\">\n<tr data-start=\"3193\" data-end=\"3252\">\n<th data-start=\"3193\" data-end=\"3228\" data-col-size=\"sm\">Quando comunicado<\/th>\n<th data-start=\"3228\" data-end=\"3252\" data-col-size=\"sm\">Reembolso da reserva<\/th>\n<\/tr>\n<\/thead>\n<tbody data-start=\"3310\" data-end=\"3552\">\n<tr data-start=\"3310\" data-end=\"3369\">\n<td data-start=\"3310\" data-end=\"3346\" data-col-size=\"sm\">Above 29 days before arrival<\/td>\n<td data-col-size=\"sm\" data-start=\"3346\" data-end=\"3369\">90%<\/td>\n<\/tr>\n<tr data-start=\"3370\" data-end=\"3430\">\n<td data-start=\"3370\" data-end=\"3407\" data-col-size=\"sm\">From 15 to 29 days before arrival<\/td>\n<td data-col-size=\"sm\" data-start=\"3407\" data-end=\"3430\">75%<\/td>\n<\/tr>\n<tr data-start=\"3431\" data-end=\"3491\">\n<td data-start=\"3431\" data-end=\"3468\" data-col-size=\"sm\">De 7 a 14 dias antes da chegada<\/td>\n<td data-col-size=\"sm\" data-start=\"3468\" data-end=\"3491\">50%<\/td>\n<\/tr>\n<tr data-start=\"3492\" data-end=\"3552\">\n<td data-start=\"3492\" data-end=\"3529\" data-col-size=\"sm\">At\u00e9 7 dias antes da chegada<\/td>\n<td data-col-size=\"sm\" data-start=\"3529\" data-end=\"3552\">There are no refunds<\/td>\n<\/tr>\n<\/tbody>\n<\/table>\n<div class=\"sticky end-(--thread-content-margin) h-0 self-end select-none\">\n<div class=\"absolute end-0 flex items-end\"><\/div>\n<\/div>\n<\/div>\n<\/div>\n<p data-start=\"3554\" data-end=\"3648\"><em data-start=\"3554\" data-end=\"3648\">Se o valor cobrado antecipadamente for menor que o devido, haver\u00e1 nova cobran\u00e7a para ajuste.<\/em><\/p>\n<hr data-start=\"3650\" data-end=\"3653\" \/>\n<h3 data-start=\"3655\" data-end=\"3697\">No Show (Desist\u00eancia sem Cancelamento)<\/h3>\n<p data-start=\"3699\" data-end=\"3801\">N\u00e3o comparecer sem aviso pr\u00e9vio ser\u00e1 considerado no show, com cobran\u00e7a de 100% do valor da hospedagem.<\/p>\n<hr data-start=\"3803\" data-end=\"3806\" \/>\n<h3 data-start=\"3808\" data-end=\"3839\">Desist\u00eancia ap\u00f3s o Check-in<\/h3>\n<p data-start=\"3841\" data-end=\"3914\">A desist\u00eancia ap\u00f3s o check-in implicar\u00e1 no pagamento total da hospedagem.<\/p>\n<hr data-start=\"3916\" data-end=\"3919\" \/>\n<h2 data-start=\"3921\" data-end=\"3940\">Dados Cadastrais<\/h2>\n<ul data-start=\"3942\" data-end=\"4189\">\n<li data-start=\"3942\" data-end=\"4013\">\n<p data-start=\"3944\" data-end=\"4013\">Raz\u00e3o Social: Tatiana Ramalho da Silva Cardoso \u2013 CPF 004.962.905-09<\/p>\n<\/li>\n<li data-start=\"4014\" data-end=\"4055\">\n<p data-start=\"4016\" data-end=\"4055\">Nome Fantasia: Pousada Luar do Sert\u00e3o<\/p>\n<\/li>\n<li data-start=\"4056\" data-end=\"4084\">\n<p data-start=\"4058\" data-end=\"4084\">CNPJ: 19.001.865\/0001-09<\/p>\n<\/li>\n<li data-start=\"4085\" data-end=\"4109\">\n<p data-start=\"4087\" data-end=\"4109\">NIRE: 29-8-0262364-1<\/p>\n<\/li>\n<li data-start=\"4110\" data-end=\"4189\">\n<p data-start=\"4112\" data-end=\"4189\">Endere\u00e7o: Loteamento Parque do Ribeir\u00e3o, s\/n\u00ba, Len\u00e7\u00f3is \u2013 BA \u2013 CEP 46960-000<\/p>\n<\/li>\n<\/ul>\n<h3><span style=\"font-size: 16px;\"><\/p>\n\n\t\t<\/div>\n\t<\/div>\n<\/div><\/div><\/div><\/div><\/span><\/h3>\n<\/div>","protected":false},"excerpt":{"rendered":"<p><\/p>","protected":false},"author":1,"featured_media":4359,"parent":2982,"menu_order":4,"comment_status":"closed","ping_status":"closed","template":"","meta":{"two_page_speed":[],"footnotes":""},"class_list":["post-3159","page","type-page","status-publish","has-post-thumbnail","hentry"],"yoast_head":"<!-- This site is optimized with the Yoast SEO plugin v26.9 - https:\/\/yoast.com\/product\/yoast-seo-wordpress\/ -->\n<title>Normas e Pol\u00edtica de Cancelamento - Pousada Luar do Sert\u00e3o<\/title>\n<meta name=\"description\" content=\"Confira as normas e pol\u00edtica de cancelamento da pousada Luar do Sert\u00e3o. Caso voc\u00ea tenha d\u00favidas entre em contato no WhatsApp +5575999273568\" \/>\n<meta name=\"robots\" content=\"index, follow, max-snippet:-1, max-image-preview:large, max-video-preview:-1\" \/>\n<link rel=\"canonical\" href=\"https:\/\/pousadaluardosertao.com\/en\/pousada-luar-do-sertao\/normas-e-politicas-de-cancelamento\/\" \/>\n<meta property=\"og:locale\" content=\"en_GB\" \/>\n<meta property=\"og:type\" content=\"article\" \/>\n<meta property=\"og:title\" content=\"Normas e Pol\u00edtica de Cancelamento - Pousada Luar do Sert\u00e3o\" \/>\n<meta property=\"og:description\" content=\"Confira as normas e pol\u00edtica de cancelamento da pousada Luar do Sert\u00e3o. Caso voc\u00ea tenha d\u00favidas entre em contato no WhatsApp +5575999273568\" \/>\n<meta property=\"og:url\" content=\"https:\/\/pousadaluardosertao.com\/en\/pousada-luar-do-sertao\/normas-e-politicas-de-cancelamento\/\" \/>\n<meta property=\"og:site_name\" content=\"Pousada Luar do Sert\u00e3o\" \/>\n<meta property=\"article:publisher\" content=\"https:\/\/www.facebook.com\/pousadaluardosertaochapadadiamantina\/\" \/>\n<meta property=\"article:modified_time\" content=\"2025-08-04T20:29:40+00:00\" \/>\n<meta property=\"og:image\" content=\"https:\/\/pousadaluardosertao.com\/wp-content\/uploads\/2023\/03\/chale-2-para-pagina-principal-do-site.jpg\" \/>\n\t<meta property=\"og:image:width\" content=\"1436\" \/>\n\t<meta property=\"og:image:height\" content=\"1075\" \/>\n\t<meta property=\"og:image:type\" content=\"image\/jpeg\" \/>\n<meta name=\"twitter:card\" content=\"summary_large_image\" \/>\n<meta name=\"twitter:label1\" content=\"Estimated reading time\" \/>\n\t<meta name=\"twitter:data1\" content=\"4 minutes\" \/>\n<script type=\"application\/ld+json\" class=\"yoast-schema-graph\">{\"@context\":\"https:\/\/schema.org\",\"@graph\":[{\"@type\":\"WebPage\",\"@id\":\"https:\/\/pousadaluardosertao.com\/pousada-luar-do-sertao\/normas-e-politicas-de-cancelamento\/\",\"url\":\"https:\/\/pousadaluardosertao.com\/pousada-luar-do-sertao\/normas-e-politicas-de-cancelamento\/\",\"name\":\"Normas e Pol\u00edtica de Cancelamento - Pousada Luar do Sert\u00e3o\",\"isPartOf\":{\"@id\":\"https:\/\/pousadaluardosertao.com\/#website\"},\"primaryImageOfPage\":{\"@id\":\"https:\/\/pousadaluardosertao.com\/pousada-luar-do-sertao\/normas-e-politicas-de-cancelamento\/#primaryimage\"},\"image\":{\"@id\":\"https:\/\/pousadaluardosertao.com\/pousada-luar-do-sertao\/normas-e-politicas-de-cancelamento\/#primaryimage\"},\"thumbnailUrl\":\"https:\/\/pousadaluardosertao.com\/wp-content\/uploads\/2023\/03\/chale-2-para-pagina-principal-do-site.jpg\",\"datePublished\":\"2016-08-22T19:56:44+00:00\",\"dateModified\":\"2025-08-04T20:29:40+00:00\",\"description\":\"Confira as normas e pol\u00edtica de cancelamento da pousada Luar do Sert\u00e3o. Caso voc\u00ea tenha d\u00favidas entre em contato no WhatsApp +5575999273568\",\"breadcrumb\":{\"@id\":\"https:\/\/pousadaluardosertao.com\/pousada-luar-do-sertao\/normas-e-politicas-de-cancelamento\/#breadcrumb\"},\"inLanguage\":\"en-GB\",\"potentialAction\":[{\"@type\":\"ReadAction\",\"target\":[\"https:\/\/pousadaluardosertao.com\/pousada-luar-do-sertao\/normas-e-politicas-de-cancelamento\/\"]}]},{\"@type\":\"ImageObject\",\"inLanguage\":\"en-GB\",\"@id\":\"https:\/\/pousadaluardosertao.com\/pousada-luar-do-sertao\/normas-e-politicas-de-cancelamento\/#primaryimage\",\"url\":\"https:\/\/pousadaluardosertao.com\/wp-content\/uploads\/2023\/03\/chale-2-para-pagina-principal-do-site.jpg\",\"contentUrl\":\"https:\/\/pousadaluardosertao.com\/wp-content\/uploads\/2023\/03\/chale-2-para-pagina-principal-do-site.jpg\",\"width\":1436,\"height\":1075,\"caption\":\"Pousada Luar do Sert\u00e3o\"},{\"@type\":\"BreadcrumbList\",\"@id\":\"https:\/\/pousadaluardosertao.com\/pousada-luar-do-sertao\/normas-e-politicas-de-cancelamento\/#breadcrumb\",\"itemListElement\":[{\"@type\":\"ListItem\",\"position\":1,\"name\":\"In\u00edcio\",\"item\":\"https:\/\/pousadaluardosertao.com\/\"},{\"@type\":\"ListItem\",\"position\":2,\"name\":\"Pousada Luar do Sert\u00e3o\",\"item\":\"https:\/\/pousadaluardosertao.com\/pousada-luar-do-sertao\/\"},{\"@type\":\"ListItem\",\"position\":3,\"name\":\"Normas e Pol\u00edticas de Cancelamento\"}]},{\"@type\":\"WebSite\",\"@id\":\"https:\/\/pousadaluardosertao.com\/#website\",\"url\":\"https:\/\/pousadaluardosertao.com\/\",\"name\":\"www.pousadaluardosertao.com\",\"description\":\"Afeto, Sossego e Sustentabilidade\",\"publisher\":{\"@id\":\"https:\/\/pousadaluardosertao.com\/#organization\"},\"potentialAction\":[{\"@type\":\"SearchAction\",\"target\":{\"@type\":\"EntryPoint\",\"urlTemplate\":\"https:\/\/pousadaluardosertao.com\/?s={search_term_string}\"},\"query-input\":{\"@type\":\"PropertyValueSpecification\",\"valueRequired\":true,\"valueName\":\"search_term_string\"}}],\"inLanguage\":\"en-GB\"},{\"@type\":\"Organization\",\"@id\":\"https:\/\/pousadaluardosertao.com\/#organization\",\"name\":\"Pousada Luar do Sert\u00e3o\",\"url\":\"https:\/\/pousadaluardosertao.com\/\",\"logo\":{\"@type\":\"ImageObject\",\"inLanguage\":\"en-GB\",\"@id\":\"https:\/\/pousadaluardosertao.com\/#\/schema\/logo\/image\/\",\"url\":\"https:\/\/pousadaluardosertao.com\/wp-content\/uploads\/2023\/04\/cropped-ilustracao-sem-contorno-05.png\",\"contentUrl\":\"https:\/\/pousadaluardosertao.com\/wp-content\/uploads\/2023\/04\/cropped-ilustracao-sem-contorno-05.png\",\"width\":512,\"height\":512,\"caption\":\"Pousada Luar do Sert\u00e3o\"},\"image\":{\"@id\":\"https:\/\/pousadaluardosertao.com\/#\/schema\/logo\/image\/\"},\"sameAs\":[\"https:\/\/www.facebook.com\/pousadaluardosertaochapadadiamantina\/\",\"https:\/\/www.instagram.com\/pousadaluardosertaobahia\/\"]}]}<\/script>\n<!-- \/ Yoast SEO plugin. -->","yoast_head_json":{"title":"Normas e Pol\u00edtica de Cancelamento - Pousada Luar do Sert\u00e3o","description":"Confira as normas e pol\u00edtica de cancelamento da pousada Luar do Sert\u00e3o. Caso voc\u00ea tenha d\u00favidas entre em contato no WhatsApp +5575999273568","robots":{"index":"index","follow":"follow","max-snippet":"max-snippet:-1","max-image-preview":"max-image-preview:large","max-video-preview":"max-video-preview:-1"},"canonical":"https:\/\/pousadaluardosertao.com\/en\/pousada-luar-do-sertao\/normas-e-politicas-de-cancelamento\/","og_locale":"en_GB","og_type":"article","og_title":"Normas e Pol\u00edtica de Cancelamento - Pousada Luar do Sert\u00e3o","og_description":"Confira as normas e pol\u00edtica de cancelamento da pousada Luar do Sert\u00e3o. Caso voc\u00ea tenha d\u00favidas entre em contato no WhatsApp +5575999273568","og_url":"https:\/\/pousadaluardosertao.com\/en\/pousada-luar-do-sertao\/normas-e-politicas-de-cancelamento\/","og_site_name":"Pousada Luar do Sert\u00e3o","article_publisher":"https:\/\/www.facebook.com\/pousadaluardosertaochapadadiamantina\/","article_modified_time":"2025-08-04T20:29:40+00:00","og_image":[{"width":1436,"height":1075,"url":"https:\/\/pousadaluardosertao.com\/wp-content\/uploads\/2023\/03\/chale-2-para-pagina-principal-do-site.jpg","type":"image\/jpeg"}],"twitter_card":"summary_large_image","twitter_misc":{"Estimated reading time":"4 minutes"},"schema":{"@context":"https:\/\/schema.org","@graph":[{"@type":"WebPage","@id":"https:\/\/pousadaluardosertao.com\/pousada-luar-do-sertao\/normas-e-politicas-de-cancelamento\/","url":"https:\/\/pousadaluardosertao.com\/pousada-luar-do-sertao\/normas-e-politicas-de-cancelamento\/","name":"Normas e Pol\u00edtica de Cancelamento - Pousada Luar do Sert\u00e3o","isPartOf":{"@id":"https:\/\/pousadaluardosertao.com\/#website"},"primaryImageOfPage":{"@id":"https:\/\/pousadaluardosertao.com\/pousada-luar-do-sertao\/normas-e-politicas-de-cancelamento\/#primaryimage"},"image":{"@id":"https:\/\/pousadaluardosertao.com\/pousada-luar-do-sertao\/normas-e-politicas-de-cancelamento\/#primaryimage"},"thumbnailUrl":"https:\/\/pousadaluardosertao.com\/wp-content\/uploads\/2023\/03\/chale-2-para-pagina-principal-do-site.jpg","datePublished":"2016-08-22T19:56:44+00:00","dateModified":"2025-08-04T20:29:40+00:00","description":"Confira as normas e pol\u00edtica de cancelamento da pousada Luar do Sert\u00e3o. Caso voc\u00ea tenha d\u00favidas entre em contato no WhatsApp +5575999273568","breadcrumb":{"@id":"https:\/\/pousadaluardosertao.com\/pousada-luar-do-sertao\/normas-e-politicas-de-cancelamento\/#breadcrumb"},"inLanguage":"en-GB","potentialAction":[{"@type":"ReadAction","target":["https:\/\/pousadaluardosertao.com\/pousada-luar-do-sertao\/normas-e-politicas-de-cancelamento\/"]}]},{"@type":"ImageObject","inLanguage":"en-GB","@id":"https:\/\/pousadaluardosertao.com\/pousada-luar-do-sertao\/normas-e-politicas-de-cancelamento\/#primaryimage","url":"https:\/\/pousadaluardosertao.com\/wp-content\/uploads\/2023\/03\/chale-2-para-pagina-principal-do-site.jpg","contentUrl":"https:\/\/pousadaluardosertao.com\/wp-content\/uploads\/2023\/03\/chale-2-para-pagina-principal-do-site.jpg","width":1436,"height":1075,"caption":"Pousada Luar do Sert\u00e3o"},{"@type":"BreadcrumbList","@id":"https:\/\/pousadaluardosertao.com\/pousada-luar-do-sertao\/normas-e-politicas-de-cancelamento\/#breadcrumb","itemListElement":[{"@type":"ListItem","position":1,"name":"In\u00edcio","item":"https:\/\/pousadaluardosertao.com\/"},{"@type":"ListItem","position":2,"name":"Pousada Luar do Sert\u00e3o","item":"https:\/\/pousadaluardosertao.com\/pousada-luar-do-sertao\/"},{"@type":"ListItem","position":3,"name":"Normas e Pol\u00edticas de Cancelamento"}]},{"@type":"WebSite","@id":"https:\/\/pousadaluardosertao.com\/#website","url":"https:\/\/pousadaluardosertao.com\/","name":"www.pousadaluardosertao.com","description":"Afeto, Sossego e Sustentabilidade","publisher":{"@id":"https:\/\/pousadaluardosertao.com\/#organization"},"potentialAction":[{"@type":"SearchAction","target":{"@type":"EntryPoint","urlTemplate":"https:\/\/pousadaluardosertao.com\/?s={search_term_string}"},"query-input":{"@type":"PropertyValueSpecification","valueRequired":true,"valueName":"search_term_string"}}],"inLanguage":"en-GB"},{"@type":"Organization","@id":"https:\/\/pousadaluardosertao.com\/#organization","name":"Pousada Luar do Sert\u00e3o","url":"https:\/\/pousadaluardosertao.com\/","logo":{"@type":"ImageObject","inLanguage":"en-GB","@id":"https:\/\/pousadaluardosertao.com\/#\/schema\/logo\/image\/","url":"https:\/\/pousadaluardosertao.com\/wp-content\/uploads\/2023\/04\/cropped-ilustracao-sem-contorno-05.png","contentUrl":"https:\/\/pousadaluardosertao.com\/wp-content\/uploads\/2023\/04\/cropped-ilustracao-sem-contorno-05.png","width":512,"height":512,"caption":"Pousada Luar do Sert\u00e3o"},"image":{"@id":"https:\/\/pousadaluardosertao.com\/#\/schema\/logo\/image\/"},"sameAs":["https:\/\/www.facebook.com\/pousadaluardosertaochapadadiamantina\/","https:\/\/www.instagram.com\/pousadaluardosertaobahia\/"]}]}},"_links":{"self":[{"href":"https:\/\/pousadaluardosertao.com\/en\/wp-json\/wp\/v2\/pages\/3159","targetHints":{"allow":["GET"]}}],"collection":[{"href":"https:\/\/pousadaluardosertao.com\/en\/wp-json\/wp\/v2\/pages"}],"about":[{"href":"https:\/\/pousadaluardosertao.com\/en\/wp-json\/wp\/v2\/types\/page"}],"author":[{"embeddable":true,"href":"https:\/\/pousadaluardosertao.com\/en\/wp-json\/wp\/v2\/users\/1"}],"replies":[{"embeddable":true,"href":"https:\/\/pousadaluardosertao.com\/en\/wp-json\/wp\/v2\/comments?post=3159"}],"version-history":[{"count":22,"href":"https:\/\/pousadaluardosertao.com\/en\/wp-json\/wp\/v2\/pages\/3159\/revisions"}],"predecessor-version":[{"id":4824,"href":"https:\/\/pousadaluardosertao.com\/en\/wp-json\/wp\/v2\/pages\/3159\/revisions\/4824"}],"up":[{"embeddable":true,"href":"https:\/\/pousadaluardosertao.com\/en\/wp-json\/wp\/v2\/pages\/2982"}],"wp:featuredmedia":[{"embeddable":true,"href":"https:\/\/pousadaluardosertao.com\/en\/wp-json\/wp\/v2\/media\/4359"}],"wp:attachment":[{"href":"https:\/\/pousadaluardosertao.com\/en\/wp-json\/wp\/v2\/media?parent=3159"}],"curies":[{"name":"wp","href":"https:\/\/api.w.org\/{rel}","templated":true}]}}